{"id":221,"date":"2011-07-05T11:22:56","date_gmt":"2011-07-05T10:22:56","guid":{"rendered":"http:\/\/localhost\/?page_id=221"},"modified":"2015-05-27T08:27:48","modified_gmt":"2015-05-27T07:27:48","slug":"uvod-3","status":"publish","type":"page","link":"http:\/\/www.dewex.sk\/de\/","title":{"rendered":"Home"},"content":{"rendered":"[vc_row rt_row_background_width=&#8220;fullwidth&#8220; rt_row_content_width=&#8220;default&#8220; rt_row_style=&#8220;default-style&#8220; rt_row_borders=&#8220;&#8220; rt_overlap=&#8220;&#8220; rt_grid=&#8220;&#8220; rt_row_paddings=&#8220;true&#8220; rt_bg_effect=&#8220;classic&#8220; rt_bg_parallax_effect=&#8220;1&#8243; rt_bg_image_repeat=&#8220;repeat&#8220; rt_bg_size=&#8220;cover&#8220; rt_bg_position=&#8220;right top&#8220; rt_bg_attachment=&#8220;scroll&#8220; rt_padding_top=&#8220;0&#8243; rt_padding_bottom=&#8220;0&#8243; rt_padding_left=&#8220;0&#8243; rt_padding_right=&#8220;0&#8243;][vc_column width=&#8220;1\/1&#8243;][rev_slider_vc alias=&#8220;homepage-de&#8220;][\/vc_column][\/vc_row][vc_row rt_row_background_width=&#8220;default&#8220; rt_row_content_width=&#8220;default&#8220; rt_row_style=&#8220;default-style&#8220; rt_row_borders=&#8220;bottom&#8220; rt_overlap=&#8220;true&#8220; rt_grid=&#8220;&#8220; rt_row_paddings=&#8220;true&#8220; rt_bg_effect=&#8220;classic&#8220; rt_bg_parallax_effect=&#8220;1&#8243; rt_bg_image_repeat=&#8220;repeat&#8220; rt_bg_size=&#8220;cover&#8220; rt_bg_position=&#8220;right top&#8220; rt_bg_attachment=&#8220;scroll&#8220;][vc_column width=&#8220;1\/1&#8243;]\n\t\t\t\t<div  class=\"banner withbutton clearfix\" data-rt-animate=\"animate\" data-rt-animation-type=\"fadeIn\" data-rt-animation-group=\"single\" >\n\t\t\t\t\t<div class=\"featured_text\">\n\t\t\t\t\t\t<h4>Wir sind ein Unternehmen f\u00fcr Auftragskooperationen<\/h4>\n\n\t\t\t\t\t<\/div>\n\t\t\t\t\t<div class=\"button_holder\"><div>\n\t\t\t<div class=\"button_wrapper \"><a  href=\"\/de\/technologische-moglichkeiten\/\" target=\"_self\" title=\"Technologische M\u00f6glichkeiten\" class=\"button_  color medium\"><span class=\"icon-cog-alt\"><\/span>Technologische M\u00f6glichkeiten<\/a><\/div>\n\t\t<\/div><\/div>\t\t\t\t\n\t\t\t\t<\/div>\n\t\t\t[\/vc_column][\/vc_row][vc_row rt_row_background_width=&#8220;default&#8220; rt_row_content_width=&#8220;default&#8220; rt_row_style=&#8220;default-style&#8220; rt_row_borders=&#8220;&#8220; rt_overlap=&#8220;&#8220; rt_grid=&#8220;true&#8220; rt_row_paddings=&#8220;true&#8220; rt_bg_effect=&#8220;classic&#8220; rt_bg_parallax_effect=&#8220;1&#8243; rt_bg_image_repeat=&#8220;repeat&#8220; rt_bg_size=&#8220;cover&#8220; rt_bg_position=&#8220;right top&#8220; rt_bg_attachment=&#8220;scroll&#8220;][vc_column width=&#8220;1\/3&#8243;]<article   class=\"image-content-box content-box box-style-1 left\"><div class=\"featured_image_holder\"><a href=\"\/de\/produkte\/\" title=\"mehr infos\" target=\"_self\"><img decoding=\"async\" class=\"img-responsive colorbox-221\" src=\"http:\/\/www.dewex.sk\/wp-content\/uploads\/home-vyroba.jpg\" alt=\"\" \/><\/a><\/div><div class=\"text-holder\">\n\t<h4 class=\"heading\" >\n\t\t<a href=\"\/de\/produkte\/\" title=\"Produkte\" target=\"_self\" >\n\t\t\tProdukte\n\t\t<\/a>\n\t<\/h4> <p>Unser Hauptprogram ist Herstellung der Schwei\u00df Konstruktionen, aber wir stellen auch Bearbeitungsteile, verschiedene Konstruktionen f\u00fcr Hallen und Geb\u00e4uden her.<\/p>\n<a class=\"read_more\" href=\"\/de\/produkte\/\" title=\"mehr infos\" target=\"_self\" >mehr infos<\/a><\/div><\/article>[\/vc_column][vc_column width=&#8220;1\/3&#8243;]<article   class=\"image-content-box content-box box-style-1 left\"><div class=\"featured_image_holder\"><a href=\"\/de\/technologische-moglichkeiten\/\" title=\"mehr infos\" target=\"_self\"><img decoding=\"async\" class=\"img-responsive colorbox-221\" src=\"http:\/\/www.dewex.sk\/wp-content\/uploads\/home-technologie.jpg\" alt=\"\" \/><\/a><\/div><div class=\"text-holder\">\n\t<h4 class=\"heading\" >\n\t\t<a href=\"\/de\/technologische-moglichkeiten\/\" title=\"Technologische M\u00f6glichkeiten\" target=\"_self\" >\n\t\t\tTechnologische M\u00f6glichkeiten\n\t\t<\/a>\n\t<\/h4> <p>Wir haben eine Standard-Maschinenbau technologische Ausr\u00fcstung f\u00fcr das Kanten, Bohren, Drehen, Fr\u00e4sen und Schwei\u00dfen.<\/p>\n<a class=\"read_more\" href=\"\/de\/technologische-moglichkeiten\/\" title=\"mehr infos\" target=\"_self\" >mehr infos<\/a><\/div><\/article>[\/vc_column][vc_column width=&#8220;1\/3&#8243;]<article   class=\"image-content-box content-box box-style-1 left\"><div class=\"featured_image_holder\"><a href=\"\/de\/angebot\/\" title=\"mehr infos\" target=\"_self\"><img decoding=\"async\" class=\"img-responsive colorbox-221\" src=\"http:\/\/www.dewex.sk\/wp-content\/uploads\/home-ponuka.jpg\" alt=\"\" \/><\/a><\/div><div class=\"text-holder\">\n\t<h4 class=\"heading\" >\n\t\t<a href=\"\/de\/angebot\/\" title=\"Angebot\" target=\"_self\" >\n\t\t\tAngebot\n\t\t<\/a>\n\t<\/h4> <p>Wir bieten Ihnen Zusammenarbeit bei der Herstellung von geschwei\u00dften Stahlkonstruktionen einschlie\u00dflich Oberfl\u00e4chenbehandlung \u2013 Lackierung zum Gewicht bis 8 Tonnen, und auch Produktion kleiner Dreh-und Fr\u00e4steilen.<\/p>\n<a class=\"read_more\" href=\"\/de\/angebot\/\" title=\"mehr infos\" target=\"_self\" >mehr infos<\/a><\/div><\/article>[\/vc_column][\/vc_row][vc_row rt_row_background_width=&#8220;default&#8220; rt_row_content_width=&#8220;default&#8220; rt_row_style=&#8220;alt-style-1&#8243; rt_row_borders=&#8220;&#8220; rt_overlap=&#8220;&#8220; rt_grid=&#8220;&#8220; rt_row_paddings=&#8220;true&#8220; rt_bg_effect=&#8220;classic&#8220; rt_bg_parallax_effect=&#8220;1&#8243; rt_bg_image_repeat=&#8220;repeat&#8220; rt_bg_size=&#8220;cover&#8220; rt_bg_position=&#8220;right top&#8220; rt_bg_attachment=&#8220;scroll&#8220;][vc_column width=&#8220;1\/2&#8243;]<div class=\"rt_heading_wrapper style-6\">\n\t\t\t\t\t\t<h4 class=\"rt_heading  style-6\" >Qualit\u00e4t Produkte<\/h4>\n\t\t\t\t\t<\/div>[vc_column_text]Wir gew\u00e4hrleisten Eingangskontrolle, Zwischenoperationskontrolle und Ausgangskontrolle unseren Erzeugnissen, um allen qualitativen Parameter und Anforderungen des Kunde auf Endprodukt zu sichern. Eingef\u00fchrtes System wir vorbereiten f\u00fcr Zertifikation laut ISO 9001.\u00a0In der Gegenwart arbeiten wir auf dem Schwei\u00df Zertifikat laut EN ISO 3834.[\/vc_column_text][vc_empty_space height=&#8220;15px&#8220;]<div class=\"rt_heading_wrapper style-6\">\n\t\t\t\t\t\t<h4 class=\"rt_heading  style-6\" >Aktuelles Angebot<\/h4>\n\t\t\t\t\t<\/div>[vc_column_text]Unsere Firma bietet freie Kapazit\u00e4ten auf Abkantpressen, NC Bohrmaschine VR5NC und Sandstrahlen.[\/vc_column_text][\/vc_column][vc_column width=&#8220;1\/2&#8243;]<div class=\"rt_heading_wrapper style-6\">\n\t\t\t\t\t\t<h4 class=\"rt_heading  style-6\" >Verarbeitungsoptionen<\/h4>\n\t\t\t\t\t<\/div>[vc_column_text]Unsere Produktion bietet klassische Technologie in dem Maschinenbau, mit einem Schwerpunkt auf Schwei\u00dfkonstruktionen. Wir haben F\u00e4higkeiten vom Entwurf der Technologie bis zum fertigen Produkt..[\/vc_column_text][vc_accordion style=&#8220;icons&#8220; first_one_open=&#8220;&#8220;][vc_accordion_tab title=&#8220;Rahmenkonstruktionen&#8220; icon_name=&#8220;icon-cubes&#8220;][vc_column_text]Alle spezifische Anforderungen der Kunde, laut der Kundendokumentation, bis das Gewicht 8 Tonnen. Derzeit produzieren wir Rahmen bis Gro\u00dfe zum 2 x 3 x 12m.[\/vc_column_text][\/vc_accordion_tab][vc_accordion_tab title=&#8220;Fr\u00e4s- und Drehteile&#8220; icon_name=&#8220;icon-cube&#8220;][vc_column_text]Neben dem gro\u00dfen Rahmenkonstruktion, bieten wir unseren Kunden auch Herstellung bearbeiteten Teilen. Es ist vor allem die Herstellung von kleineren Dreh, Fr\u00e4s- und Bohrteilen.[\/vc_column_text][\/vc_accordion_tab][\/vc_accordion][\/vc_column][\/vc_row][vc_row rt_row_background_width=&#8220;fullwidth&#8220; rt_row_content_width=&#8220;default&#8220; rt_row_style=&#8220;default-style&#8220; rt_row_borders=&#8220;&#8220; rt_overlap=&#8220;&#8220; rt_grid=&#8220;&#8220; rt_row_paddings=&#8220;true&#8220; rt_bg_image=&#8220;131&#8243; rt_bg_effect=&#8220;parallax&#8220; rt_bg_parallax_effect=&#8220;3&#8243; rt_bg_image_repeat=&#8220;repeat&#8220; rt_bg_size=&#8220;cover&#8220; rt_bg_position=&#8220;center top&#8220; rt_bg_attachment=&#8220;scroll&#8220; rt_padding_bottom=&#8220;0&#8243;][vc_column width=&#8220;1\/1&#8243;][vc_row_inner css=&#8220;.vc_custom_1428653526398{margin-top: 100px !important;margin-bottom: 0px !important;padding-top: 60px !important;padding-right: 40px !important;padding-bottom: 20px !important;padding-left: 40px !important;background-color: rgba(255,255,255,0.8) !important;*background-color: rgb(255,255,255) !important;}&#8220; rt_row_style=&#8220;global-style&#8220;][vc_column_inner width=&#8220;1\/1&#8243;]<div class=\"rt_heading_wrapper style-4\">\n\t\t\t\t\t\t<h3 class=\"rt_heading  style-4\" >Komplexe Dienstleistungen von Entwurf der Dokumentation bis zum Endprodukt<\/h3>\n\t\t\t\t\t<\/div>[\/vc_column_inner][\/vc_row_inner][\/vc_column][\/vc_row]\n","protected":false},"excerpt":{"rendered":"<p>[vc_row rt_row_background_width=&#8220;fullwidth&#8220; rt_row_content_width=&#8220;default&#8220; rt_row_style=&#8220;default-style&#8220; rt_row_borders=&#8220;&#8220; rt_overlap=&#8220;&#8220; rt_grid=&#8220;&#8220; rt_row_paddings=&#8220;true&#8220; rt_bg_effect=&#8220;classic&#8220; rt_bg_parallax_effect=&#8220;1&#8243; rt_bg_image_repeat=&#8220;repeat&#8220; rt_bg_size=&#8220;cover&#8220; rt_bg_position=&#8220;right top&#8220; rt_bg_attachment=&#8220;scroll&#8220; rt_padding_top=&#8220;0&#8243; rt_padding_bottom=&#8220;0&#8243; rt_padding_left=&#8220;0&#8243; rt_padding_right=&#8220;0&#8243;][vc_column width=&#8220;1\/1&#8243;][rev_slider_vc alias=&#8220;homepage-de&#8220;][\/vc_column][\/vc_row][vc_row rt_row_background_width=&#8220;default&#8220; rt_row_content_width=&#8220;default&#8220; rt_row_style=&#8220;default-style&#8220; rt_row_borders=&#8220;bottom&#8220; rt_overlap=&#8220;true&#8220; rt_grid=&#8220;&#8220; rt_row_paddings=&#8220;true&#8220; rt_bg_effect=&#8220;classic&#8220; rt_bg_parallax_effect=&#8220;1&#8243; rt_bg_image_repeat=&#8220;repeat&#8220; rt_bg_size=&#8220;cover&#8220; rt_bg_position=&#8220;right top&#8220; rt_bg_attachment=&#8220;scroll&#8220;][vc_column width=&#8220;1\/1&#8243;][\/vc_column][\/vc_row][vc_row rt_row_background_width=&#8220;default&#8220; rt_row_content_width=&#8220;default&#8220; rt_row_style=&#8220;default-style&#8220; rt_row_borders=&#8220;&#8220; rt_overlap=&#8220;&#8220; rt_grid=&#8220;true&#8220; rt_row_paddings=&#8220;true&#8220; rt_bg_effect=&#8220;classic&#8220; rt_bg_parallax_effect=&#8220;1&#8243; rt_bg_image_repeat=&#8220;repeat&#8220; rt_bg_size=&#8220;cover&#8220; rt_bg_position=&#8220;right top&#8220; rt_bg_attachment=&#8220;scroll&#8220;][vc_column width=&#8220;1\/3&#8243;][\/vc_column][vc_column width=&#8220;1\/3&#8243;][\/vc_column][vc_column width=&#8220;1\/3&#8243;][\/vc_column][\/vc_row][vc_row rt_row_background_width=&#8220;default&#8220; rt_row_content_width=&#8220;default&#8220; [&hellip;]<\/p>\n","protected":false},"author":2,"featured_media":0,"parent":0,"menu_order":1,"comment_status":"closed","ping_status":"closed","template":"","meta":{"footnotes":""},"_links":{"self":[{"href":"http:\/\/www.dewex.sk\/de\/wp-json\/wp\/v2\/pages\/221"}],"collection":[{"href":"http:\/\/www.dewex.sk\/de\/wp-json\/wp\/v2\/pages"}],"about":[{"href":"http:\/\/www.dewex.sk\/de\/wp-json\/wp\/v2\/types\/page"}],"author":[{"embeddable":true,"href":"http:\/\/www.dewex.sk\/de\/wp-json\/wp\/v2\/users\/2"}],"replies":[{"embeddable":true,"href":"http:\/\/www.dewex.sk\/de\/wp-json\/wp\/v2\/comments?post=221"}],"version-history":[{"count":1,"href":"http:\/\/www.dewex.sk\/de\/wp-json\/wp\/v2\/pages\/221\/revisions"}],"predecessor-version":[{"id":222,"href":"http:\/\/www.dewex.sk\/de\/wp-json\/wp\/v2\/pages\/221\/revisions\/222"}],"wp:attachment":[{"href":"http:\/\/www.dewex.sk\/de\/wp-json\/wp\/v2\/media?parent=221"}],"curies":[{"name":"wp","href":"https:\/\/api.w.org\/{rel}","templated":true}]}}