{"id":206,"date":"2015-04-09T17:00:23","date_gmt":"2015-04-09T16:00:23","guid":{"rendered":"http:\/\/localhost\/?page_id=206"},"modified":"2015-04-10T17:10:59","modified_gmt":"2015-04-10T16:10:59","slug":"unternehmensprofil","status":"publish","type":"page","link":"https:\/\/www.dewex.sk\/de\/unternehmensprofil\/","title":{"rendered":"Unternehmensprofil"},"content":{"rendered":"[vc_row][vc_column width=&#8220;2\/3&#8243;][vc_column_text]Die Firma DEWEX wurde im Jahr 2013 als eine Gesellschaft mit beschr\u00e4nkter Haftung gegr\u00fcndet, haupts\u00e4chlich f\u00fcr die Herstellung von mechanischen Produkten, Stahlbaukonstruktionen, vor allem f\u00fcr das Gebiet der Kooperationsproduktion und Auftragsfertigung. Wir konzentrieren uns auf Schwei\u00dfkonstruktionen und Baugruppen f\u00fcr die verschiedensten Branchen f\u00fcr in- und ausl\u00e4ndische M\u00e4rkte sowie auf der Fertigung von kleineren bearbeitungsteilen laut von Kunde gelieferter Dokumentation. Dies ist eine breite Palette von Produkten von kleinen bis mittelgro\u00dfe Produkte, was auch unseren Technologien angepasst.<\/p>\n<p>Wir liefern unsere Produkte an Kunden in Deutschland, \u00d6sterreich und ein Teil der Produktion bleibt auch auf dem heimischen Markt.<\/p>\n[\/vc_column_text][\/vc_column][vc_column width=&#8220;1\/3&#8243;][vc_single_image image=&#8220;197&#8243; border_color=&#8220;grey&#8220; img_link_large=&#8220;yes&#8220; img_link_target=&#8220;_self&#8220; img_size=&#8220;large&#8220;][\/vc_column][\/vc_row][vc_row rt_row_background_width=&#8220;default&#8220; rt_row_content_width=&#8220;default&#8220; rt_row_style=&#8220;default-style&#8220; rt_row_borders=&#8220;&#8220; rt_overlap=&#8220;&#8220; rt_grid=&#8220;&#8220; rt_row_paddings=&#8220;true&#8220; rt_padding_top=&#8220;0&#8243; rt_bg_effect=&#8220;classic&#8220; rt_bg_parallax_effect=&#8220;1&#8243; rt_bg_image_repeat=&#8220;repeat&#8220; rt_bg_size=&#8220;cover&#8220; rt_bg_position=&#8220;right top&#8220; rt_bg_attachment=&#8220;scroll&#8220;][vc_column width=&#8220;1\/2&#8243;][vc_column_text]Trotz der kurzen Geschichte, baut unser Unternehmen auf langj\u00e4hrige Erfahrung seiner Mitarbeiter welche sie in den traditionellen Maschinenbauunternehmen in unserer Region erzielt wurden.[\/vc_column_text][\/vc_column][vc_column width=&#8220;1\/2&#8243;][vc_column_text]Unser Ziel ist, qualitativ hochwertige Produkte an den erforderlichen Lieferfristen unter spezifischen Anforderungen unseres Kunden zu liefern. Unser Wettbewerbsvorteil ist die Flexibilit\u00e4t kleiner Unternehmen die ist auf den Erfahrungen und Systemen von gro\u00dfen Unternehmen gebaut.[\/vc_column_text][\/vc_column][\/vc_row][vc_row][vc_column width=&#8220;1\/1&#8243;]<div class=\"rt_heading_wrapper style-6\">\n\t\t\t\t\t\t<h3 class=\"rt_heading  style-6\" >Qualit\u00e4t<\/h3>\n\t\t\t\t\t<\/div>[vc_column_text]Wir gew\u00e4hrleisten Eingangskontrolle, Zwischenoperationskontrolle und Ausgangskontrolle unseren Erzeugnissen, um allen qualitativen Parameter und Anforderungen des Kunde auf Endprodukt zu sichern. Eingef\u00fchrtes System wir vorbereiten f\u00fcr Zertifikation laut ISO 9001.<\/p>\n<p>In der Gegenwart arbeiten wir auf dem Schwei\u00df Zertifikat laut EN ISO 3834.[\/vc_column_text][\/vc_column][\/vc_row]\n","protected":false},"excerpt":{"rendered":"<p>[vc_row][vc_column width=&#8220;2\/3&#8243;][vc_column_text]Die Firma DEWEX wurde im Jahr 2013 als eine Gesellschaft mit beschr\u00e4nkter Haftung gegr\u00fcndet, haupts\u00e4chlich f\u00fcr die Herstellung von mechanischen Produkten, Stahlbaukonstruktionen, vor allem f\u00fcr das Gebiet der Kooperationsproduktion und Auftragsfertigung. Wir konzentrieren uns auf Schwei\u00dfkonstruktionen und Baugruppen f\u00fcr die verschiedensten Branchen f\u00fcr in- und ausl\u00e4ndische M\u00e4rkte sowie auf der Fertigung von kleineren bearbeitungsteilen [&hellip;]<\/p>\n","protected":false},"author":2,"featured_media":0,"parent":0,"menu_order":3,"comment_status":"closed","ping_status":"closed","template":"","meta":{"footnotes":""},"_links":{"self":[{"href":"https:\/\/www.dewex.sk\/de\/wp-json\/wp\/v2\/pages\/206"}],"collection":[{"href":"https:\/\/www.dewex.sk\/de\/wp-json\/wp\/v2\/pages"}],"about":[{"href":"https:\/\/www.dewex.sk\/de\/wp-json\/wp\/v2\/types\/page"}],"author":[{"embeddable":true,"href":"https:\/\/www.dewex.sk\/de\/wp-json\/wp\/v2\/users\/2"}],"replies":[{"embeddable":true,"href":"https:\/\/www.dewex.sk\/de\/wp-json\/wp\/v2\/comments?post=206"}],"version-history":[{"count":1,"href":"https:\/\/www.dewex.sk\/de\/wp-json\/wp\/v2\/pages\/206\/revisions"}],"predecessor-version":[{"id":207,"href":"https:\/\/www.dewex.sk\/de\/wp-json\/wp\/v2\/pages\/206\/revisions\/207"}],"wp:attachment":[{"href":"https:\/\/www.dewex.sk\/de\/wp-json\/wp\/v2\/media?parent=206"}],"curies":[{"name":"wp","href":"https:\/\/api.w.org\/{rel}","templated":true}]}}