{"id":210,"date":"2015-04-09T17:01:51","date_gmt":"2015-04-09T16:01:51","guid":{"rendered":"http:\/\/localhost\/?page_id=210"},"modified":"2015-04-27T20:20:45","modified_gmt":"2015-04-27T19:20:45","slug":"produkte","status":"publish","type":"page","link":"https:\/\/www.dewex.sk\/de\/produkte\/","title":{"rendered":"Produkte"},"content":{"rendered":"[vc_row][vc_column width=&#8220;1\/2&#8243;]<article  class=\"icon-content-box content-box icon-left icon-style-1\"><div class=\"icon-holder\"><span class=\"icon-cubes\"><\/span><\/div><div class=\"text-holder\"><h3 class=\"heading\">Rahmenkonstruktionen<\/h3> <p>Unser Hauptprogramm ist die Herstellung von Schwei\u00dfkonstruktionen nach alle spezifische Anforderungen der Kunde, laut der Kundendokumentation, bis das Gewicht 8 Tonnen. Derzeit produzieren wir Rahmen bis Gro\u00dfe zum 2x3x12m.\u00a0Unsere Produkte sind Schwei\u00dfbaugruppen f\u00fcr das Manipulation, und Baumaschinen, verschiedenen Arbeitsmaschinen, Rahmen f\u00fcr technologische Anlage f\u00fcr Hilfstransport und F\u00f6rdertechnik. (Rahmen f\u00fcr Transportwagen, Paletten, etc.).<\/p>\n<\/div><\/article>[\/vc_column][vc_column width=&#8220;1\/2&#8243;]<article  class=\"icon-content-box content-box icon-left icon-style-1\"><div class=\"icon-holder\"><span class=\"icon-cube\"><\/span><\/div><div class=\"text-holder\"><h3 class=\"heading\">Fr\u00e4s- und Drehteile<\/h3> <p>Neben dem gro\u00dfen Rahmenkonstruktion, bieten wir unseren Kunden auch Herstellung bearbeiteten Teilen. Es ist vor allem die Herstellung von kleineren Dreh, Fr\u00e4s- und Bohrteilen. Diese Teile werden haupts\u00e4chlich bei der Herstellung von industriellen automatischen Anlagen verwendet.<\/p>\n<\/div><\/article>[\/vc_column][\/vc_row][vc_row][vc_column]<div class=\"rt_heading_wrapper style-3\">\n\t\t\t\t\t\t<h3 class=\"rt_heading  style-3\" >Verarbeitetes Material<\/h3>\n\t\t\t\t\t<\/div>[vc_column_text]Im Herstellungsprozess verarbeiten wir die folgenden Materialien:<\/p>\n<ol>\n<li>Materialien f\u00fcr Rahmen: S 235, S 355, S 460, Abriebfeste Materialien Typ Hardox.<\/li>\n<li>Materialien f\u00fcr bearbeitete Teile (Dreh- und Fr\u00e4steile): S 235, S 355, C45, 11SMn30, 16MnCr5, E335GC<\/li>\n<\/ol>\n[\/vc_column_text][\/vc_column][\/vc_row][vc_row][vc_column width=&#8220;1\/1&#8243;]<div class=\"rt_heading_wrapper style-3\">\n\t\t\t\t\t\t<h3 class=\"rt_heading  style-3\" >Sehen Sie das Produkt-Portfolio<\/h3>\n\t\t\t\t\t<\/div>\n\t\t\t\t\t\t<div class=\"filter-holder\" data-list-id=\"portfolio-dynamicID-841813\">\n\t\t\t\t\t\t<ul class=\"filter_navigation\"><li><a href=\"#\" data-filter=\"*\" class=\"active animate\" title=\"Show All\"><span class=\"icon-filter\"><\/span><\/a><\/li> <li><a data-filter=\".bearbeitete-werkstucke\" title=\"Bearbeitete Werkst\u00fccke\">Bearbeitete Werkst\u00fccke<\/a><\/li><li><a data-filter=\".fras-und-drehteile\" title=\"Fr\u00e4s- und Drehteile\">Fr\u00e4s- und Drehteile<\/a><\/li><li><a data-filter=\".rahmenkonstruktionen\" title=\"Rahmenkonstruktionen\">Rahmenkonstruktionen<\/a><\/li><li><a data-filter=\".stahlkonstruktionen-fur-gebaeude\" title=\"Stahlkonstruktionen f\u00fcr Gebaeude\">Stahlkonstruktionen f\u00fcr Gebaeude<\/a><\/li><\/ul>\n\t\t\t\t\t\t<\/div>\n<div id=\"portfolio-dynamicID-841813\" class=\"portfolio_list clearfix  masonry filterable\" data-column-width=\"3\">\n<div class=\"col col-sm-4  isotope-item  rahmenkonstruktionen\">\n \n\n<!-- portfolio box-->\n<div class=\"loop style-1 image post-274 portfolio type-portfolio status-publish has-post-thumbnail hentry portfolio_categories-rahmenkonstruktionen\" id=\"portfolio-274\">\n\n\t\n\n\t\t\t\t<figure class=\"featured_image\">\n\t\t\t\t\t<img decoding=\"async\" src=\"https:\/\/www.dewex.sk\/wp-content\/uploads\/portfolio01-640x480.jpg\" alt=\"\" class=\" colorbox-247\" \/>\n\t\t\t\t\t<div class=\"overlay\"><ul class=\"action_buttons\"><li><a id=\"lightbox-399203\" class=\"zoom lightbox_\" data-group=\"image_157\" title=\"Enlarge Image\" data-title=\"R\u00e1m\" data-sub-html=\"#lightbox-399203-description\" data-thumbnail=\"https:\/\/www.dewex.sk\/wp-content\/uploads\/portfolio01-75x50.jpg\" data-thumbTooltip=\"\" data-scaleUp=\"\" data-href=\"\" data-width=\"\" data-height=\"\" data-flashHasPriority=\"\" data-poster=\"\" data-autoplay=\"\" data-audiotitle=\"\" data-html=\"\" href=\"https:\/\/www.dewex.sk\/wp-content\/uploads\/portfolio01.jpg\" ><\/a>\r\n\t\t\t<div class=\"lighbox-description hidden\" id=\"lightbox-399203-description\">\r\n\t\t\t\t<strong>R\u00e1m<\/strong><br>\r\n\t\t\t\t\r\n\t\t\t<\/div><\/li><li><a class=\"link\" href=\"https:\/\/www.dewex.sk\/de\/project-details\/ram\/\" title=\"R\u00e1m\" target=\"_self\"><\/a><\/li><\/ul><\/div>\n\t\t\t\t<\/figure>\n\n\t\t\t\t<section class=\"text\">\n\t\t\t\t\t<h5><a href=\"https:\/\/www.dewex.sk\/de\/project-details\/ram\/\" target=\"_self\" rel=\"bookmark\">R\u00e1m<\/a><\/h5>\n\t\t\t\t\t\n\t\t\t\t<\/section> \n\n\t\t\t\n<\/div> \n<!-- \/ portfolio box-->\n<\/div>\n<div class=\"col col-sm-4  isotope-item  fras-und-drehteile\">\n \n\n<!-- portfolio box-->\n<div class=\"loop style-1 image post-258 portfolio type-portfolio status-publish has-post-thumbnail hentry portfolio_categories-fras-und-drehteile\" id=\"portfolio-258\">\n\n\t\n\n\t\t\t\t<figure class=\"featured_image\">\n\t\t\t\t\t<img decoding=\"async\" src=\"https:\/\/www.dewex.sk\/wp-content\/uploads\/portfolio11-640x480.jpg\" alt=\"\" class=\" colorbox-247\" \/>\n\t\t\t\t\t<div class=\"overlay\"><ul class=\"action_buttons\"><li><a id=\"lightbox-183920\" class=\"zoom lightbox_\" data-group=\"image_173\" title=\"Enlarge Image\" data-title=\"Z\u00e1kazkov\u00e1 v\u00fdroba 3\" data-sub-html=\"#lightbox-183920-description\" data-thumbnail=\"https:\/\/www.dewex.sk\/wp-content\/uploads\/portfolio11-75x50.jpg\" data-thumbTooltip=\"\" data-scaleUp=\"\" data-href=\"\" data-width=\"\" data-height=\"\" data-flashHasPriority=\"\" data-poster=\"\" data-autoplay=\"\" data-audiotitle=\"\" data-html=\"\" href=\"https:\/\/www.dewex.sk\/wp-content\/uploads\/portfolio11.jpg\" ><\/a>\r\n\t\t\t<div class=\"lighbox-description hidden\" id=\"lightbox-183920-description\">\r\n\t\t\t\t<strong>Z\u00e1kazkov\u00e1 v\u00fdroba 3<\/strong><br>\r\n\t\t\t\t\r\n\t\t\t<\/div><\/li><li><a class=\"link\" href=\"https:\/\/www.dewex.sk\/de\/project-details\/zakazkova-vyroba-3\/\" title=\"Z\u00e1kazkov\u00e1 v\u00fdroba 3\" target=\"_self\"><\/a><\/li><\/ul><\/div>\n\t\t\t\t<\/figure>\n\n\t\t\t\t<section class=\"text\">\n\t\t\t\t\t<h5><a href=\"https:\/\/www.dewex.sk\/de\/project-details\/zakazkova-vyroba-3\/\" target=\"_self\" rel=\"bookmark\">Z\u00e1kazkov\u00e1 v\u00fdroba 3<\/a><\/h5>\n\t\t\t\t\t\n\t\t\t\t<\/section> \n\n\t\t\t\n<\/div> \n<!-- \/ portfolio box-->\n<\/div>\n<div class=\"col col-sm-4  isotope-item  fras-und-drehteile\">\n \n\n<!-- portfolio box-->\n<div class=\"loop style-1 image post-262 portfolio type-portfolio status-publish has-post-thumbnail hentry portfolio_categories-fras-und-drehteile\" id=\"portfolio-262\">\n\n\t\n\n\t\t\t\t<figure class=\"featured_image\">\n\t\t\t\t\t<img decoding=\"async\" src=\"https:\/\/www.dewex.sk\/wp-content\/uploads\/portfolio06-640x480.jpg\" alt=\"\" class=\" colorbox-247\" \/>\n\t\t\t\t\t<div class=\"overlay\"><ul class=\"action_buttons\"><li><a id=\"lightbox-632557\" class=\"zoom lightbox_\" data-group=\"image_169\" title=\"Enlarge Image\" data-title=\"Z\u00e1kazkov\u00e1 v\u00fdroba 1\" data-sub-html=\"#lightbox-632557-description\" data-thumbnail=\"https:\/\/www.dewex.sk\/wp-content\/uploads\/portfolio06-75x50.jpg\" data-thumbTooltip=\"\" data-scaleUp=\"\" data-href=\"\" data-width=\"\" data-height=\"\" data-flashHasPriority=\"\" data-poster=\"\" data-autoplay=\"\" data-audiotitle=\"\" data-html=\"\" href=\"https:\/\/www.dewex.sk\/wp-content\/uploads\/portfolio06.jpg\" ><\/a>\r\n\t\t\t<div class=\"lighbox-description hidden\" id=\"lightbox-632557-description\">\r\n\t\t\t\t<strong>Z\u00e1kazkov\u00e1 v\u00fdroba 1<\/strong><br>\r\n\t\t\t\t\r\n\t\t\t<\/div><\/li><li><a class=\"link\" href=\"https:\/\/www.dewex.sk\/de\/project-details\/zakazkova-vyroba-1\/\" title=\"Z\u00e1kazkov\u00e1 v\u00fdroba 1\" target=\"_self\"><\/a><\/li><\/ul><\/div>\n\t\t\t\t<\/figure>\n\n\t\t\t\t<section class=\"text\">\n\t\t\t\t\t<h5><a href=\"https:\/\/www.dewex.sk\/de\/project-details\/zakazkova-vyroba-1\/\" target=\"_self\" rel=\"bookmark\">Z\u00e1kazkov\u00e1 v\u00fdroba 1<\/a><\/h5>\n\t\t\t\t\t\n\t\t\t\t<\/section> \n\n\t\t\t\n<\/div> \n<!-- \/ portfolio box-->\n<\/div>\n<div class=\"col col-sm-4  isotope-item  rahmenkonstruktionen\">\n \n\n<!-- portfolio box-->\n<div class=\"loop style-1 image post-270 portfolio type-portfolio status-publish has-post-thumbnail hentry portfolio_categories-rahmenkonstruktionen\" id=\"portfolio-270\">\n\n\t\n\n\t\t\t\t<figure class=\"featured_image\">\n\t\t\t\t\t<img decoding=\"async\" src=\"https:\/\/www.dewex.sk\/wp-content\/uploads\/portfolio03-640x480.jpg\" alt=\"\" class=\" colorbox-247\" \/>\n\t\t\t\t\t<div class=\"overlay\"><ul class=\"action_buttons\"><li><a id=\"lightbox-264163\" class=\"zoom lightbox_\" data-group=\"image_161\" title=\"Enlarge Image\" data-title=\"R\u00e1m 3\" data-sub-html=\"#lightbox-264163-description\" data-thumbnail=\"https:\/\/www.dewex.sk\/wp-content\/uploads\/portfolio03-75x50.jpg\" data-thumbTooltip=\"\" data-scaleUp=\"\" data-href=\"\" data-width=\"\" data-height=\"\" data-flashHasPriority=\"\" data-poster=\"\" data-autoplay=\"\" data-audiotitle=\"\" data-html=\"\" href=\"https:\/\/www.dewex.sk\/wp-content\/uploads\/portfolio03.jpg\" ><\/a>\r\n\t\t\t<div class=\"lighbox-description hidden\" id=\"lightbox-264163-description\">\r\n\t\t\t\t<strong>R\u00e1m 3<\/strong><br>\r\n\t\t\t\t\r\n\t\t\t<\/div><\/li><li><a class=\"link\" href=\"https:\/\/www.dewex.sk\/de\/project-details\/ram-3\/\" title=\"R\u00e1m 3\" target=\"_self\"><\/a><\/li><\/ul><\/div>\n\t\t\t\t<\/figure>\n\n\t\t\t\t<section class=\"text\">\n\t\t\t\t\t<h5><a href=\"https:\/\/www.dewex.sk\/de\/project-details\/ram-3\/\" target=\"_self\" rel=\"bookmark\">R\u00e1m 3<\/a><\/h5>\n\t\t\t\t\t\n\t\t\t\t<\/section> \n\n\t\t\t\n<\/div> \n<!-- \/ portfolio box-->\n<\/div>\n<div class=\"col col-sm-4  isotope-item  stahlkonstruktionen-fur-gebaeude\">\n \n\n<!-- portfolio box-->\n<div class=\"loop style-1 image post-253 portfolio type-portfolio status-publish has-post-thumbnail hentry portfolio_categories-stahlkonstruktionen-fur-gebaeude\" id=\"portfolio-253\">\n\n\t\n\n\t\t\t\t<figure class=\"featured_image\">\n\t\t\t\t\t<img decoding=\"async\" src=\"https:\/\/www.dewex.sk\/wp-content\/uploads\/portfolio09-640x480.jpg\" alt=\"\" class=\" colorbox-247\" \/>\n\t\t\t\t\t<div class=\"overlay\"><ul class=\"action_buttons\"><li><a id=\"lightbox-958034\" class=\"zoom lightbox_\" data-group=\"image_177\" title=\"Enlarge Image\" data-title=\"Oce\u013eov\u00e9 kon\u0161trukcie\" data-sub-html=\"#lightbox-958034-description\" data-thumbnail=\"https:\/\/www.dewex.sk\/wp-content\/uploads\/portfolio09-75x50.jpg\" data-thumbTooltip=\"\" data-scaleUp=\"\" data-href=\"\" data-width=\"\" data-height=\"\" data-flashHasPriority=\"\" data-poster=\"\" data-autoplay=\"\" data-audiotitle=\"\" data-html=\"\" href=\"https:\/\/www.dewex.sk\/wp-content\/uploads\/portfolio09.jpg\" ><\/a>\r\n\t\t\t<div class=\"lighbox-description hidden\" id=\"lightbox-958034-description\">\r\n\t\t\t\t<strong>Oce\u013eov\u00e9 kon\u0161trukcie<\/strong><br>\r\n\t\t\t\t\r\n\t\t\t<\/div><\/li><li><a class=\"link\" href=\"https:\/\/www.dewex.sk\/de\/project-details\/ocelove-konstrukcie\/\" title=\"Oce\u013eov\u00e9 kon\u0161trukcie\" target=\"_self\"><\/a><\/li><\/ul><\/div>\n\t\t\t\t<\/figure>\n\n\t\t\t\t<section class=\"text\">\n\t\t\t\t\t<h5><a href=\"https:\/\/www.dewex.sk\/de\/project-details\/ocelove-konstrukcie\/\" target=\"_self\" rel=\"bookmark\">Oce\u013eov\u00e9 kon\u0161trukcie<\/a><\/h5>\n\t\t\t\t\t\n\t\t\t\t<\/section> \n\n\t\t\t\n<\/div> \n<!-- \/ portfolio box-->\n<\/div>\n<div class=\"col col-sm-4  isotope-item  stahlkonstruktionen-fur-gebaeude\">\n \n\n<!-- portfolio box-->\n<div class=\"loop style-1 image post-266 portfolio type-portfolio status-publish has-post-thumbnail hentry portfolio_categories-stahlkonstruktionen-fur-gebaeude\" id=\"portfolio-266\">\n\n\t\n\n\t\t\t\t<figure class=\"featured_image\">\n\t\t\t\t\t<img decoding=\"async\" src=\"https:\/\/www.dewex.sk\/wp-content\/uploads\/portfolio05-640x480.jpg\" alt=\"\" class=\" colorbox-247\" \/>\n\t\t\t\t\t<div class=\"overlay\"><ul class=\"action_buttons\"><li><a id=\"lightbox-585626\" class=\"zoom lightbox_\" data-group=\"image_165\" title=\"Enlarge Image\" data-title=\"Schodisko\" data-sub-html=\"#lightbox-585626-description\" data-thumbnail=\"https:\/\/www.dewex.sk\/wp-content\/uploads\/portfolio05-75x50.jpg\" data-thumbTooltip=\"\" data-scaleUp=\"\" data-href=\"\" data-width=\"\" data-height=\"\" data-flashHasPriority=\"\" data-poster=\"\" data-autoplay=\"\" data-audiotitle=\"\" data-html=\"\" href=\"https:\/\/www.dewex.sk\/wp-content\/uploads\/portfolio05.jpg\" ><\/a>\r\n\t\t\t<div class=\"lighbox-description hidden\" id=\"lightbox-585626-description\">\r\n\t\t\t\t<strong>Schodisko<\/strong><br>\r\n\t\t\t\t\r\n\t\t\t<\/div><\/li><li><a class=\"link\" href=\"https:\/\/www.dewex.sk\/de\/project-details\/schodisko\/\" title=\"Schodisko\" target=\"_self\"><\/a><\/li><\/ul><\/div>\n\t\t\t\t<\/figure>\n\n\t\t\t\t<section class=\"text\">\n\t\t\t\t\t<h5><a href=\"https:\/\/www.dewex.sk\/de\/project-details\/schodisko\/\" target=\"_self\" rel=\"bookmark\">Schodisko<\/a><\/h5>\n\t\t\t\t\t\n\t\t\t\t<\/section> \n\n\t\t\t\n<\/div> \n<!-- \/ portfolio box-->\n<\/div>\n<div class=\"col col-sm-4  isotope-item  fras-und-drehteile\">\n \n\n<!-- portfolio box-->\n<div class=\"loop style-1 image post-238 portfolio type-portfolio status-publish has-post-thumbnail hentry portfolio_categories-fras-und-drehteile\" id=\"portfolio-238\">\n\n\t\n\n\t\t\t\t<figure class=\"featured_image\">\n\t\t\t\t\t<img decoding=\"async\" src=\"https:\/\/www.dewex.sk\/wp-content\/uploads\/portfolio17-640x480.jpg\" alt=\"\" class=\" colorbox-247\" \/>\n\t\t\t\t\t<div class=\"overlay\"><ul class=\"action_buttons\"><li><a id=\"lightbox-785523\" class=\"zoom lightbox_\" data-group=\"image_191\" title=\"Enlarge Image\" data-title=\"Lopata\" data-sub-html=\"#lightbox-785523-description\" data-thumbnail=\"https:\/\/www.dewex.sk\/wp-content\/uploads\/portfolio17-75x50.jpg\" data-thumbTooltip=\"\" data-scaleUp=\"\" data-href=\"\" data-width=\"\" data-height=\"\" data-flashHasPriority=\"\" data-poster=\"\" data-autoplay=\"\" data-audiotitle=\"\" data-html=\"\" href=\"https:\/\/www.dewex.sk\/wp-content\/uploads\/portfolio17.jpg\" ><\/a>\r\n\t\t\t<div class=\"lighbox-description hidden\" id=\"lightbox-785523-description\">\r\n\t\t\t\t<strong>Lopata<\/strong><br>\r\n\t\t\t\t\r\n\t\t\t<\/div><\/li><li><a class=\"link\" href=\"https:\/\/www.dewex.sk\/de\/project-details\/lopata\/\" title=\"Lopata\" target=\"_self\"><\/a><\/li><\/ul><\/div>\n\t\t\t\t<\/figure>\n\n\t\t\t\t<section class=\"text\">\n\t\t\t\t\t<h5><a href=\"https:\/\/www.dewex.sk\/de\/project-details\/lopata\/\" target=\"_self\" rel=\"bookmark\">Lopata<\/a><\/h5>\n\t\t\t\t\t\n\t\t\t\t<\/section> \n\n\t\t\t\n<\/div> \n<!-- \/ portfolio box-->\n<\/div>\n<div class=\"col col-sm-4  isotope-item  rahmenkonstruktionen\">\n \n\n<!-- portfolio box-->\n<div class=\"loop style-1 image post-272 portfolio type-portfolio status-publish has-post-thumbnail hentry portfolio_categories-rahmenkonstruktionen\" id=\"portfolio-272\">\n\n\t\n\n\t\t\t\t<figure class=\"featured_image\">\n\t\t\t\t\t<img decoding=\"async\" src=\"https:\/\/www.dewex.sk\/wp-content\/uploads\/portfolio02-640x480.jpg\" alt=\"\" class=\" colorbox-247\" \/>\n\t\t\t\t\t<div class=\"overlay\"><ul class=\"action_buttons\"><li><a id=\"lightbox-960282\" class=\"zoom lightbox_\" data-group=\"image_159\" title=\"Enlarge Image\" data-title=\"R\u00e1m 2\" data-sub-html=\"#lightbox-960282-description\" data-thumbnail=\"https:\/\/www.dewex.sk\/wp-content\/uploads\/portfolio02-75x50.jpg\" data-thumbTooltip=\"\" data-scaleUp=\"\" data-href=\"\" data-width=\"\" data-height=\"\" data-flashHasPriority=\"\" data-poster=\"\" data-autoplay=\"\" data-audiotitle=\"\" data-html=\"\" href=\"https:\/\/www.dewex.sk\/wp-content\/uploads\/portfolio02.jpg\" ><\/a>\r\n\t\t\t<div class=\"lighbox-description hidden\" id=\"lightbox-960282-description\">\r\n\t\t\t\t<strong>R\u00e1m 2<\/strong><br>\r\n\t\t\t\t\r\n\t\t\t<\/div><\/li><li><a class=\"link\" href=\"https:\/\/www.dewex.sk\/de\/project-details\/ram-2\/\" title=\"R\u00e1m 2\" target=\"_self\"><\/a><\/li><\/ul><\/div>\n\t\t\t\t<\/figure>\n\n\t\t\t\t<section class=\"text\">\n\t\t\t\t\t<h5><a href=\"https:\/\/www.dewex.sk\/de\/project-details\/ram-2\/\" target=\"_self\" rel=\"bookmark\">R\u00e1m 2<\/a><\/h5>\n\t\t\t\t\t\n\t\t\t\t<\/section> \n\n\t\t\t\n<\/div> \n<!-- \/ portfolio box-->\n<\/div>\n<div class=\"col col-sm-4  isotope-item  bearbeitete-werkstucke\">\n \n\n<!-- portfolio box-->\n<div class=\"loop style-1 image post-245 portfolio type-portfolio status-publish has-post-thumbnail hentry portfolio_categories-bearbeitete-werkstucke\" id=\"portfolio-245\">\n\n\t\n\n\t\t\t\t<figure class=\"featured_image\">\n\t\t\t\t\t<img decoding=\"async\" src=\"https:\/\/www.dewex.sk\/wp-content\/uploads\/portfolio12-640x480.jpg\" alt=\"\" class=\" colorbox-247\" \/>\n\t\t\t\t\t<div class=\"overlay\"><ul class=\"action_buttons\"><li><a id=\"lightbox-301253\" class=\"zoom lightbox_\" data-group=\"image_185\" title=\"Enlarge Image\" data-title=\"Opracovan\u00e9 diely 3\" data-sub-html=\"#lightbox-301253-description\" data-thumbnail=\"https:\/\/www.dewex.sk\/wp-content\/uploads\/portfolio12-75x50.jpg\" data-thumbTooltip=\"\" data-scaleUp=\"\" data-href=\"\" data-width=\"\" data-height=\"\" data-flashHasPriority=\"\" data-poster=\"\" data-autoplay=\"\" data-audiotitle=\"\" data-html=\"\" href=\"https:\/\/www.dewex.sk\/wp-content\/uploads\/portfolio12.jpg\" ><\/a>\r\n\t\t\t<div class=\"lighbox-description hidden\" id=\"lightbox-301253-description\">\r\n\t\t\t\t<strong>Opracovan\u00e9 diely 3<\/strong><br>\r\n\t\t\t\t\r\n\t\t\t<\/div><\/li><li><a class=\"link\" href=\"https:\/\/www.dewex.sk\/de\/project-details\/opracovane-diely-3\/\" title=\"Opracovan\u00e9 diely 3\" target=\"_self\"><\/a><\/li><\/ul><\/div>\n\t\t\t\t<\/figure>\n\n\t\t\t\t<section class=\"text\">\n\t\t\t\t\t<h5><a href=\"https:\/\/www.dewex.sk\/de\/project-details\/opracovane-diely-3\/\" target=\"_self\" rel=\"bookmark\">Opracovan\u00e9 diely 3<\/a><\/h5>\n\t\t\t\t\t\n\t\t\t\t<\/section> \n\n\t\t\t\n<\/div> \n<!-- \/ portfolio box-->\n<\/div>\n<div class=\"col col-sm-4  isotope-item  bearbeitete-werkstucke\">\n \n\n<!-- portfolio box-->\n<div class=\"loop style-1 image post-247 portfolio type-portfolio status-publish has-post-thumbnail hentry portfolio_categories-bearbeitete-werkstucke\" id=\"portfolio-247\">\n\n\t\n\n\t\t\t\t<figure class=\"featured_image\">\n\t\t\t\t\t<img decoding=\"async\" src=\"https:\/\/www.dewex.sk\/wp-content\/uploads\/portfolio07-640x480.jpg\" alt=\"\" class=\" colorbox-247\" \/>\n\t\t\t\t\t<div class=\"overlay\"><ul class=\"action_buttons\"><li><a id=\"lightbox-266121\" class=\"zoom lightbox_\" data-group=\"image_183\" title=\"Enlarge Image\" data-title=\"Opracovan\u00e9 diely 2\" data-sub-html=\"#lightbox-266121-description\" data-thumbnail=\"https:\/\/www.dewex.sk\/wp-content\/uploads\/portfolio07-75x50.jpg\" data-thumbTooltip=\"\" data-scaleUp=\"\" data-href=\"\" data-width=\"\" data-height=\"\" data-flashHasPriority=\"\" data-poster=\"\" data-autoplay=\"\" data-audiotitle=\"\" data-html=\"\" href=\"https:\/\/www.dewex.sk\/wp-content\/uploads\/portfolio07.jpg\" ><\/a>\r\n\t\t\t<div class=\"lighbox-description hidden\" id=\"lightbox-266121-description\">\r\n\t\t\t\t<strong>Opracovan\u00e9 diely 2<\/strong><br>\r\n\t\t\t\t\r\n\t\t\t<\/div><\/li><li><a class=\"link\" href=\"https:\/\/www.dewex.sk\/de\/project-details\/opracovane-diely-2\/\" title=\"Opracovan\u00e9 diely 2\" target=\"_self\"><\/a><\/li><\/ul><\/div>\n\t\t\t\t<\/figure>\n\n\t\t\t\t<section class=\"text\">\n\t\t\t\t\t<h5><a href=\"https:\/\/www.dewex.sk\/de\/project-details\/opracovane-diely-2\/\" target=\"_self\" rel=\"bookmark\">Opracovan\u00e9 diely 2<\/a><\/h5>\n\t\t\t\t\t\n\t\t\t\t<\/section> \n\n\t\t\t\n<\/div> \n<!-- \/ portfolio box-->\n<\/div>\n<\/div>\n<button href=\"#\" class=\"load_more button_ medium default aligncenter\" autocomplete=\"off\" data-atts=\"YToyMjp7czoyOiJpZCI7czoyNjoicG9ydGZvbGlvLWR5bmFtaWNJRC04NDE4MTMiO3M6MTE6Imxpc3RfbGF5b3V0IjtzOjM6IjEvMyI7czoxMjoibGF5b3V0X3N0eWxlIjtzOjc6Im1hc29ucnkiO3M6MTA6Iml0ZW1fc3R5bGUiO3M6Nzoic3R5bGUtMSI7czoxMDoiZmlsdGVyYWJsZSI7czo0OiJ0cnVlIjtzOjEwOiJwYWdpbmF0aW9uIjtzOjQ6InRydWUiO3M6MTU6ImFqYXhfcGFnaW5hdGlvbiI7czo0OiJ0cnVlIjtzOjIxOiJmZWF0dXJlZF9pbWFnZV9yZXNpemUiO3M6NDoidHJ1ZSI7czoyNDoiZmVhdHVyZWRfaW1hZ2VfbWF4X3dpZHRoIjtzOjE6IjAiO3M6MjU6ImZlYXR1cmVkX2ltYWdlX21heF9oZWlnaHQiO3M6MToiMCI7czoxOToiZmVhdHVyZWRfaW1hZ2VfY3JvcCI7czo1OiJmYWxzZSI7czoxMjoibGlzdF9vcmRlcmJ5IjtzOjQ6InJhbmQiO3M6MTA6Imxpc3Rfb3JkZXIiO3M6NDoiREVTQyI7czoxMzoiaXRlbV9wZXJfcGFnZSI7aToxMDtzOjEwOiJjYXRlZ29yaWVzIjtzOjA6IiI7czo0OiJhamF4IjtzOjU6ImZhbHNlIjtzOjM6ImlkcyI7czowOiIiO3M6NToicGFnZWQiO2k6MDtzOjk6IndwbWxfbGFuZyI7czowOiIiO3M6MTU6InJlbW92ZV9wYWRkaW5ncyI7czo1OiJmYWxzZSI7czoxNDoicmVtb3ZlX2J1dHRvbnMiO3M6NToiZmFsc2UiO3M6NzoicHVycG9zZSI7czo5OiJwb3J0Zm9saW8iO30=\" data-page_count=\"2\" data-current_page=\"1\" data-listid=\"portfolio-dynamicID-841813\"><span class=\"icon-angle-double-down\"><\/span>LOAD MORE<\/button>[\/vc_column][\/vc_row]\n","protected":false},"excerpt":{"rendered":"<p>[vc_row][vc_column width=&#8220;1\/2&#8243;][\/vc_column][vc_column width=&#8220;1\/2&#8243;][\/vc_column][\/vc_row][vc_row][vc_column][vc_column_text]Im Herstellungsprozess verarbeiten wir die folgenden Materialien: Materialien f\u00fcr Rahmen: S 235, S 355, S 460, Abriebfeste Materialien Typ Hardox. Materialien f\u00fcr bearbeitete Teile (Dreh- und Fr\u00e4steile): S 235, S 355, C45, 11SMn30, 16MnCr5, E335GC [\/vc_column_text][\/vc_column][\/vc_row][vc_row][vc_column width=&#8220;1\/1&#8243;][\/vc_column][\/vc_row]<\/p>\n","protected":false},"author":2,"featured_media":0,"parent":0,"menu_order":5,"comment_status":"closed","ping_status":"closed","template":"","meta":{"footnotes":""},"_links":{"self":[{"href":"https:\/\/www.dewex.sk\/de\/wp-json\/wp\/v2\/pages\/210"}],"collection":[{"href":"https:\/\/www.dewex.sk\/de\/wp-json\/wp\/v2\/pages"}],"about":[{"href":"https:\/\/www.dewex.sk\/de\/wp-json\/wp\/v2\/types\/page"}],"author":[{"embeddable":true,"href":"https:\/\/www.dewex.sk\/de\/wp-json\/wp\/v2\/users\/2"}],"replies":[{"embeddable":true,"href":"https:\/\/www.dewex.sk\/de\/wp-json\/wp\/v2\/comments?post=210"}],"version-history":[{"count":1,"href":"https:\/\/www.dewex.sk\/de\/wp-json\/wp\/v2\/pages\/210\/revisions"}],"predecessor-version":[{"id":310,"href":"https:\/\/www.dewex.sk\/de\/wp-json\/wp\/v2\/pages\/210\/revisions\/310"}],"wp:attachment":[{"href":"https:\/\/www.dewex.sk\/de\/wp-json\/wp\/v2\/media?parent=210"}],"curies":[{"name":"wp","href":"https:\/\/api.w.org\/{rel}","templated":true}]}}