{"id":218,"date":"2015-04-09T17:18:09","date_gmt":"2015-04-09T16:18:09","guid":{"rendered":"http:\/\/localhost\/?page_id=218"},"modified":"2015-09-18T09:22:43","modified_gmt":"2015-09-18T08:22:43","slug":"kontakte","status":"publish","type":"page","link":"https:\/\/www.dewex.sk\/de\/kontakte\/","title":{"rendered":"Kontakte"},"content":{"rendered":"[vc_row rt_row_background_width=&#8220;default&#8220; rt_row_style=&#8220;default-style&#8220; rt_row_borders=&#8220;&#8220; rt_row_paddings=&#8220;true&#8220; rt_bg_effect=&#8220;classic&#8220; rt_bg_image_repeat=&#8220;repeat&#8220; rt_bg_size=&#8220;cover&#8220; rt_bg_position=&#8220;right top&#8220; rt_bg_attachment=&#8220;scroll&#8220; rt_bg_video_format=&#8220;self-hosted&#8220; rt_padding_top=&#8220;0&#8243;][vc_column rt_bg_image_repeat=&#8220;repeat&#8220; rt_bg_size=&#8220;auto auto&#8220; rt_bg_attachment=&#8220;scroll&#8220;]<div class=\"rt_heading_wrapper style-1\">\n\t\t\t\t\t\t<h4 class=\"rt_heading  style-1\" >DEWEX, s.r.o.<\/h4>\n\t\t\t\t\t<\/div>\t \n\t\t<div  class=\"with_icons style-1 \">\n\t\t\t \n\t\t<div  >\n\t\t<span class=\"icon-building icon\"><\/span><div class=\"list-content\"><p>V\u00edg\u013ea\u0161-Pstru\u0161a 802, 962 12 Detva,\u00a0Slowakei<\/p>\n<\/div>\n\t\t<\/div>\n\t\t \n\t\t<div  >\n\t\t<span class=\"icon-address icon\"><\/span><div class=\"list-content\"><p>GPS:\u00a048.547159, 19.315538<\/p>\n<\/div>\n\t\t<\/div>\n\t\t \n\t\t<div  >\n\t\t<span class=\"icon-mail-1 icon\"><\/span><div class=\"list-content\"><p>E-mail: <a href=\"mailto:dewex@dewex.sk\">dewex@dewex.sk<\/a><\/p>\n<\/div>\n\t\t<\/div>\n\t\n\t\t<\/div>\n\t[vc_empty_space height=&#8220;30px&#8220;][vc_column_text]<strong>Handelsregister<\/strong><\/p>\n<p>Registergericht: Handelsgericht\u00a0 Bansk\u00e1 Bystrica<br \/>\nRegisternummer:\u00a0 47\u00a0488 701<br \/>\nUmsatzsteuer-Identifikationsnummer SK 2023996018[\/vc_column_text][vc_empty_space height=&#8220;30px&#8220;][vc_raw_html]JTNDZGl2JTIwY2xhc3MlM0QlMjJ0YWJsZS1yZXNwb25zaXZlJTIyJTNFJTNDdGFibGUlMjBzdHlsZSUzRCUyMndpZHRoJTNBMTAwJTI1JTNCJTIwJTIyJTIwY2xhc3MlM0QlMjJlYXN5LXRhYmxlJTIwZWFzeS10YWJsZS1kZWZhdWx0JTIwJTIyJTNFJTBBJTNDdGhlYWQlM0UlMEElM0N0ciUzRSUzQ3RoJTNFRnVua3Rpb24lM0MlMkZ0aCUzRSUwQSUzQ3RoJTNFJTIwTmFtZSUzQyUyRnRoJTNFJTBBJTNDdGglM0UlMjBUZWxlZm9uJTNDJTJGdGglM0UlMEElM0N0aCUzRSUyMEUtbWFpbCUzQyUyRnRoJTNFJTBBJTNDJTJGdHIlM0UlMEElM0MlMkZ0aGVhZCUzRSUwQSUzQ3Rib2R5JTNFJTBBJTNDdHIlM0UlM0N0ZCUzRUdlc2NoJUMzJUE0ZnRzbGVpdHVuZyUzQyUyRnRkJTNFJTBBJTNDdGQlM0UlMjZuYnNwJTNCSW5nLiUyMFN0YW5pc2xhdiUyMCVDNSVBMGljaHRhJTNDJTJGdGQlM0UlMEElM0N0ZCUzRSUyMCUyQjQyMSUyMDkwNSUyMDgxOCUyNm5ic3AlM0I3NTclM0MlMkZ0ZCUzRSUwQSUzQ3RkJTNFJTI2bmJzcCUzQiUzQ2ElMjBocmVmJTNEJTIybWFpbHRvJTNBc2ljaHRhJTQwZGV3ZXguc2slMjIlM0VzaWNodGElNDBkZXdleC5zayUzQyUyRmElM0UlM0MlMkZ0ZCUzRSUwQSUzQyUyRnRyJTNFJTBBJTBBJTNDdHIlM0UlM0N0ZCUzRVZlcnRyaWVic2xlaXRlciUzQyUyRnRkJTNFJTBBJTNDdGQlM0UlMjZuYnNwJTNCSW5nLiUyMEphbmElMjBDYWJhbm92JUMzJUExJTNDJTJGdGQlM0UlMEElM0N0ZCUzRSUyMCUyQjQyMSUyNm5ic3AlM0I5NDklMjA1NDYlMjZuYnNwJTNCMjgxJTNDJTJGdGQlM0UlMEElM0N0ZCUzRSUyNm5ic3AlM0IlM0NhJTIwaHJlZiUzRCUyMm1haWx0byUzQWNhYmFub3ZhJTQwZGV3ZXguc2slMjIlM0VjYWJhbm92YSU0MGRld2V4LnNrJTNDJTJGYSUzRSUzQyUyRnRkJTNFJTBBJTNDJTJGdHIlM0UlMEElMEElM0N0ciUzRSUzQ3RkJTNFVGVjaG5pa2VyJTNDJTJGdGQlM0UlMEElM0N0ZCUzRSUyNm5ic3AlM0JCYy4lMjBNYXJlayUyMEthJUM0JUJFYW0lQzMlQTFyJTNDJTJGdGQlM0UlMEElM0N0ZCUzRSUyMCUyQjQyMSUyNm5ic3AlM0I5MDMlMjA3ODQlMjA1MzUlM0MlMkZ0ZCUzRSUwQSUzQ3RkJTNFJTI2bmJzcCUzQiUzQ2ElMjBocmVmJTNEJTIybWFpbHRvJTNBa2FsYW1hciU0MGRld2V4LnNrJTIyJTNFa2FsYW1hciU0MGRld2V4LnNrJTNDJTJGYSUzRSUzQyUyRnRkJTNFJTBBJTNDJTJGdHIlM0UlMEElM0MlMkZ0Ym9keSUzRSUzQyUyRnRhYmxlJTNFJTNDJTJGZGl2JTNF[\/vc_raw_html][\/vc_column][\/vc_row][vc_row rt_row_background_width=&#8220;default&#8220; rt_row_style=&#8220;default-style&#8220; rt_row_borders=&#8220;&#8220; rt_row_paddings=&#8220;true&#8220; rt_bg_effect=&#8220;classic&#8220; rt_bg_image_repeat=&#8220;repeat&#8220; rt_bg_size=&#8220;cover&#8220; rt_bg_position=&#8220;right top&#8220; rt_bg_attachment=&#8220;scroll&#8220; rt_bg_video_format=&#8220;self-hosted&#8220; rt_row_no_padding=&#8220;false&#8220;][vc_column rt_bg_image_repeat=&#8220;repeat&#8220; rt_bg_size=&#8220;auto auto&#8220; rt_bg_attachment=&#8220;scroll&#8220;]<div class=\"rt_heading_wrapper style-6\">\n\t\t\t\t\t\t<h4 class=\"rt_heading  style-6\" >Wo Sie uns finden<\/h4>\n\t\t\t\t\t<\/div><div class=\"google_map_holder\" data-height=\"400\" data-scope=\"#map-199589\" data-bw=\"\">\n\n\t\t\t<div id=\"map-199589\" class=\"google_map\"><\/div>\n\t\t\t<script type=\"text\/javascript\">\n\t\t\t \/* <![CDATA[ *\/ \n\t\t\t\t\/\/ Runs google maps\t\n\t\t\t\t\tjQuery(function() {\n\t\t\t\t\t\tjQuery(\"#map-199589\").rt_maps([[\"DEWEX, s.r.o.\", 48.547159, 19.315538, 4,\"V\u00edg\u013ea\u0161-Pstru\u0161a 802, 962 12 Detva, Slowakei\"],],10); \n\t\t\t\t\t});\n\t\t\t\/* ]]> *\/\t\n\t\t\t<\/script>\n\n\t\t<\/div>[\/vc_column][\/vc_row][vc_row rt_row_background_width=&#8220;default&#8220; rt_row_style=&#8220;default-style&#8220; rt_row_borders=&#8220;&#8220; rt_row_paddings=&#8220;true&#8220; rt_bg_effect=&#8220;classic&#8220; rt_bg_image_repeat=&#8220;repeat&#8220; rt_bg_size=&#8220;cover&#8220; rt_bg_position=&#8220;right top&#8220; rt_bg_attachment=&#8220;scroll&#8220; rt_bg_video_format=&#8220;self-hosted&#8220;][vc_column rt_bg_image_repeat=&#8220;repeat&#8220; rt_bg_size=&#8220;auto auto&#8220; rt_bg_attachment=&#8220;scroll&#8220;]<div class=\"rt_heading_wrapper style-6\">\n\t\t\t\t\t\t<h4 class=\"rt_heading  style-6\" >Kontaktformular<\/h4>\n\t\t\t\t\t<\/div>\n\t\t<!-- contact form -->\n\t\t<div  class=\"contact_form  dynamic-class-520014\">\n\t\t<div class=\"clear\"><\/div><div class=\"result\"><\/div>\n\t\t\t<form action=\"#\" name=\"contact_form\" class=\"validate_form rt_form\" method=\"post\">\n\t\t\t\t<ul>\n\t\t\t\t\t<li class=\"form-input\"><label for=\"name\">Your Name: (*)<\/label><input placeholder=\"Your Name: (*)\" id=\"name\" type=\"text\" name=\"name\" value=\"\" class=\"required\" \/> <\/li>\n\t\t\t\t\t<li class=\"form-input\"><label for=\"email\">Your Email: (*)<\/label><input placeholder=\"Your Email: (*)\" id=\"email\" type=\"email\" name=\"email\" value=\"\" class=\"required email\" \/> <\/li>\n\t\t\t\t\t<li class=\"form-input\"><label for=\"message\">Your Message: (*)<\/label><textarea placeholder=\"Your Message: (*)\" id=\"message\" name=\"message\" rows=\"8\" cols=\"40\" class=\"required\"><\/textarea><\/li>\n\t\t\t\t\t\n\t\t\t\t\t<li class=\"security-question\"><label class=\"math_label\" for=\"math\">Security Question:<\/label>4 + 43 = <input id=\"math\" placeholder=\"?\" type=\"text\" name=\"math\" value=\"\" class=\"required\" \/><\/li>\n\t\t\t\t\t<li class=\"submit-button\">\n\t\t\t\t\t<input type=\"hidden\" name=\"your_email\" value=\"ZGV3ZXhAZGV3ZXguc2s=\"><input type=\"hidden\" name=\"dynamic_class\" value=\"dynamic-class-520014\"><input type=\"hidden\" name=\"rt_form_data\" value=\"NDc=\"><input type=\"button\" class=\"button submit\" value=\"Send\"  \/><span class=\"loading\"><\/span>\n\t\t\t\t\t<\/li>\n\t\t\t\t<\/ul>\n\t\t\t<\/form>\n\t\t<\/div><div class=\"clear\"><\/div>\n\t\t<!-- \/contact form -->[\/vc_column][\/vc_row]\n","protected":false},"excerpt":{"rendered":"<p>[vc_row rt_row_background_width=&#8220;default&#8220; rt_row_style=&#8220;default-style&#8220; rt_row_borders=&#8220;&#8220; rt_row_paddings=&#8220;true&#8220; rt_bg_effect=&#8220;classic&#8220; rt_bg_image_repeat=&#8220;repeat&#8220; rt_bg_size=&#8220;cover&#8220; rt_bg_position=&#8220;right top&#8220; rt_bg_attachment=&#8220;scroll&#8220; rt_bg_video_format=&#8220;self-hosted&#8220; rt_padding_top=&#8220;0&#8243;][vc_column rt_bg_image_repeat=&#8220;repeat&#8220; rt_bg_size=&#8220;auto auto&#8220; rt_bg_attachment=&#8220;scroll&#8220;][vc_empty_space height=&#8220;30px&#8220;][vc_column_text]Handelsregister Registergericht: Handelsgericht\u00a0 Bansk\u00e1 Bystrica Registernummer:\u00a0 47\u00a0488 701 Umsatzsteuer-Identifikationsnummer SK 2023996018[\/vc_column_text][vc_empty_space height=&#8220;30px&#8220;][vc_raw_html]JTNDZGl2JTIwY2xhc3MlM0QlMjJ0YWJsZS1yZXNwb25zaXZlJTIyJTNFJTNDdGFibGUlMjBzdHlsZSUzRCUyMndpZHRoJTNBMTAwJTI1JTNCJTIwJTIyJTIwY2xhc3MlM0QlMjJlYXN5LXRhYmxlJTIwZWFzeS10YWJsZS1kZWZhdWx0JTIwJTIyJTNFJTBBJTNDdGhlYWQlM0UlMEElM0N0ciUzRSUzQ3RoJTNFRnVua3Rpb24lM0MlMkZ0aCUzRSUwQSUzQ3RoJTNFJTIwTmFtZSUzQyUyRnRoJTNFJTBBJTNDdGglM0UlMjBUZWxlZm9uJTNDJTJGdGglM0UlMEElM0N0aCUzRSUyMEUtbWFpbCUzQyUyRnRoJTNFJTBBJTNDJTJGdHIlM0UlMEElM0MlMkZ0aGVhZCUzRSUwQSUzQ3Rib2R5JTNFJTBBJTNDdHIlM0UlM0N0ZCUzRUdlc2NoJUMzJUE0ZnRzbGVpdHVuZyUzQyUyRnRkJTNFJTBBJTNDdGQlM0UlMjZuYnNwJTNCSW5nLiUyMFN0YW5pc2xhdiUyMCVDNSVBMGljaHRhJTNDJTJGdGQlM0UlMEElM0N0ZCUzRSUyMCUyQjQyMSUyMDkwNSUyMDgxOCUyNm5ic3AlM0I3NTclM0MlMkZ0ZCUzRSUwQSUzQ3RkJTNFJTI2bmJzcCUzQiUzQ2ElMjBocmVmJTNEJTIybWFpbHRvJTNBc2ljaHRhJTQwZGV3ZXguc2slMjIlM0VzaWNodGElNDBkZXdleC5zayUzQyUyRmElM0UlM0MlMkZ0ZCUzRSUwQSUzQyUyRnRyJTNFJTBBJTBBJTNDdHIlM0UlM0N0ZCUzRVZlcnRyaWVic2xlaXRlciUzQyUyRnRkJTNFJTBBJTNDdGQlM0UlMjZuYnNwJTNCSW5nLiUyMEphbmElMjBDYWJhbm92JUMzJUExJTNDJTJGdGQlM0UlMEElM0N0ZCUzRSUyMCUyQjQyMSUyNm5ic3AlM0I5NDklMjA1NDYlMjZuYnNwJTNCMjgxJTNDJTJGdGQlM0UlMEElM0N0ZCUzRSUyNm5ic3AlM0IlM0NhJTIwaHJlZiUzRCUyMm1haWx0byUzQWNhYmFub3ZhJTQwZGV3ZXguc2slMjIlM0VjYWJhbm92YSU0MGRld2V4LnNrJTNDJTJGYSUzRSUzQyUyRnRkJTNFJTBBJTNDJTJGdHIlM0UlMEElMEElM0N0ciUzRSUzQ3RkJTNFVGVjaG5pa2VyJTNDJTJGdGQlM0UlMEElM0N0ZCUzRSUyNm5ic3AlM0JCYy4lMjBNYXJlayUyMEthJUM0JUJFYW0lQzMlQTFyJTNDJTJGdGQlM0UlMEElM0N0ZCUzRSUyMCUyQjQyMSUyNm5ic3AlM0I5MDMlMjA3ODQlMjA1MzUlM0MlMkZ0ZCUzRSUwQSUzQ3RkJTNFJTI2bmJzcCUzQiUzQ2ElMjBocmVmJTNEJTIybWFpbHRvJTNBa2FsYW1hciU0MGRld2V4LnNrJTIyJTNFa2FsYW1hciU0MGRld2V4LnNrJTNDJTJGYSUzRSUzQyUyRnRkJTNFJTBBJTNDJTJGdHIlM0UlMEElM0MlMkZ0Ym9keSUzRSUzQyUyRnRhYmxlJTNFJTNDJTJGZGl2JTNF[\/vc_raw_html][\/vc_column][\/vc_row][vc_row rt_row_background_width=&#8220;default&#8220; rt_row_style=&#8220;default-style&#8220; rt_row_borders=&#8220;&#8220; rt_row_paddings=&#8220;true&#8220; rt_bg_effect=&#8220;classic&#8220; rt_bg_image_repeat=&#8220;repeat&#8220; rt_bg_size=&#8220;cover&#8220; rt_bg_position=&#8220;right top&#8220; rt_bg_attachment=&#8220;scroll&#8220; rt_bg_video_format=&#8220;self-hosted&#8220; rt_row_no_padding=&#8220;false&#8220;][vc_column rt_bg_image_repeat=&#8220;repeat&#8220; rt_bg_size=&#8220;auto auto&#8220; rt_bg_attachment=&#8220;scroll&#8220;][\/vc_column][\/vc_row][vc_row rt_row_background_width=&#8220;default&#8220; rt_row_style=&#8220;default-style&#8220; rt_row_borders=&#8220;&#8220; rt_row_paddings=&#8220;true&#8220; rt_bg_effect=&#8220;classic&#8220; rt_bg_image_repeat=&#8220;repeat&#8220; rt_bg_size=&#8220;cover&#8220; rt_bg_position=&#8220;right top&#8220; rt_bg_attachment=&#8220;scroll&#8220; [&hellip;]<\/p>\n","protected":false},"author":2,"featured_media":0,"parent":0,"menu_order":14,"comment_status":"closed","ping_status":"closed","template":"","meta":{"footnotes":""},"_links":{"self":[{"href":"https:\/\/www.dewex.sk\/de\/wp-json\/wp\/v2\/pages\/218"}],"collection":[{"href":"https:\/\/www.dewex.sk\/de\/wp-json\/wp\/v2\/pages"}],"about":[{"href":"https:\/\/www.dewex.sk\/de\/wp-json\/wp\/v2\/types\/page"}],"author":[{"embeddable":true,"href":"https:\/\/www.dewex.sk\/de\/wp-json\/wp\/v2\/users\/2"}],"replies":[{"embeddable":true,"href":"https:\/\/www.dewex.sk\/de\/wp-json\/wp\/v2\/comments?post=218"}],"version-history":[{"count":1,"href":"https:\/\/www.dewex.sk\/de\/wp-json\/wp\/v2\/pages\/218\/revisions"}],"predecessor-version":[{"id":321,"href":"https:\/\/www.dewex.sk\/de\/wp-json\/wp\/v2\/pages\/218\/revisions\/321"}],"wp:attachment":[{"href":"https:\/\/www.dewex.sk\/de\/wp-json\/wp\/v2\/media?parent=218"}],"curies":[{"name":"wp","href":"https:\/\/api.w.org\/{rel}","templated":true}]}}