{"id":208,"date":"2015-04-09T17:01:51","date_gmt":"2015-04-09T16:01:51","guid":{"rendered":"http:\/\/localhost\/?page_id=208"},"modified":"2015-04-27T19:21:02","modified_gmt":"2015-04-27T18:21:02","slug":"production","status":"publish","type":"page","link":"https:\/\/www.dewex.sk\/en\/production\/","title":{"rendered":"Production"},"content":{"rendered":"[vc_row][vc_column width=&#8221;1\/2&#8243;]<article  class=\"icon-content-box content-box icon-left icon-style-1\"><div class=\"icon-holder\"><span class=\"icon-cubes\"><\/span><\/div><div class=\"text-holder\"><h3 class=\"heading\">Frames structures<\/h3> <p>Our main programme is production of welded structures according to delivered customer\u2019s requirements up to weight of 8 tons. Currently we are producing frame structures up to dimensions 2x3x12m.<br \/>\nOur products are welded assemblies for handling and construction machines, mobile working machines, frame structures for technological lines, frame structures for auxiliary transport and handling equipment. (frames for transport trucks, pallets etc.)<\/p>\n<\/div><\/article>[\/vc_column][vc_column width=&#8221;1\/2&#8243;]<article  class=\"icon-content-box content-box icon-left icon-style-1\"><div class=\"icon-holder\"><span class=\"icon-cube\"><\/span><\/div><div class=\"text-holder\"><h3 class=\"heading\">Job \u2013 order manufacture<\/h3> <p>By this part of the production programme we try to offer comprehensive service to our customers mainly for domestic market. We carry out renovation of supplementary equipment for construction machines, (buckets, quick-couplers), repair or production of new attachment for agriculture machines or others parts various machines according to customer\u2019s requirements.<\/p>\n<\/div><\/article>[\/vc_column][\/vc_row][vc_row rt_row_background_width=&#8221;default&#8221; rt_row_content_width=&#8221;default&#8221; rt_row_style=&#8221;default-style&#8221; rt_row_borders=&#8221;&#8221; rt_overlap=&#8221;&#8221; rt_grid=&#8221;&#8221; rt_row_paddings=&#8221;true&#8221; rt_padding_top=&#8221;0&#8243; rt_bg_effect=&#8221;classic&#8221; rt_bg_parallax_effect=&#8221;1&#8243; rt_bg_image_repeat=&#8221;repeat&#8221; rt_bg_size=&#8221;cover&#8221; rt_bg_position=&#8221;right top&#8221; rt_bg_attachment=&#8221;scroll&#8221;][vc_column width=&#8221;1\/1&#8243;]<article  class=\"icon-content-box content-box icon-left icon-style-1\"><div class=\"icon-holder\"><span class=\"icon-cog\"><\/span><\/div><div class=\"text-holder\"><h3 class=\"heading\">Machined parts<\/h3> <p>Except of large frame structures we also offer to our customers production of machined parts. It is mainly production of smaller turning, milling and drilling machine parts. These products are mainly used in manufacture of industrial automated lines.<\/p>\n<\/div><\/article>[\/vc_column][\/vc_row][vc_row][vc_column]<div class=\"rt_heading_wrapper style-3\">\n\t\t\t\t\t\t<h3 class=\"rt_heading  style-3\" >Types of machined materials<\/h3>\n\t\t\t\t\t<\/div>[vc_column_text]In the production process we machine the following materials:<\/p>\n<ol>\n<li>Materials for frame structures: S 235, S355, S 460, Hardox 400.<\/li>\n<li>Materials for machined parts: S 235, S355, C45, 11SMn30, 16MnCr5, E335GC<\/li>\n<\/ol>\n[\/vc_column_text][\/vc_column][\/vc_row][vc_row][vc_column width=&#8221;1\/1&#8243;]<div class=\"rt_heading_wrapper style-3\">\n\t\t\t\t\t\t<h3 class=\"rt_heading  style-3\" >View the product portfolio<\/h3>\n\t\t\t\t\t<\/div>\n\t\t\t\t\t\t<div class=\"filter-holder\" data-list-id=\"portfolio-dynamicID-137137\">\n\t\t\t\t\t\t<ul class=\"filter_navigation\"><li><a href=\"#\" data-filter=\"*\" class=\"active animate\" title=\"Show All\"><span class=\"icon-filter\"><\/span><\/a><\/li> <li><a data-filter=\".frames-structures\" title=\"Frames structures\">Frames structures<\/a><\/li><li><a data-filter=\".job-order-manufacture\" title=\"Job \u2013 order manufacture\">Job \u2013 order manufacture<\/a><\/li><li><a data-filter=\".machined-parts\" title=\"Machined parts\">Machined parts<\/a><\/li><li><a data-filter=\".steel-structures-for-buildings\" title=\"Steel structures for buildings\">Steel structures for buildings<\/a><\/li><\/ul>\n\t\t\t\t\t\t<\/div>\n<div id=\"portfolio-dynamicID-137137\" class=\"portfolio_list clearfix  masonry filterable\" data-column-width=\"3\">\n<div class=\"col col-sm-4  isotope-item  machined-parts\">\n \n\n<!-- portfolio box-->\n<div class=\"loop style-1 image post-241 portfolio type-portfolio status-publish has-post-thumbnail hentry portfolio_categories-machined-parts\" id=\"portfolio-241\">\n\n\t\n\n\t\t\t\t<figure class=\"featured_image\">\n\t\t\t\t\t<img decoding=\"async\" src=\"https:\/\/www.dewex.sk\/wp-content\/uploads\/portfolio08-640x480.jpg\" alt=\"\" class=\" colorbox-271\" \/>\n\t\t\t\t\t<div class=\"overlay\"><ul class=\"action_buttons\"><li><a id=\"lightbox-187873\" class=\"zoom lightbox_\" data-group=\"image_187\" title=\"Enlarge Image\" data-title=\"Opracovan\u00e9 diely 4\" data-sub-html=\"#lightbox-187873-description\" data-thumbnail=\"https:\/\/www.dewex.sk\/wp-content\/uploads\/portfolio08-75x50.jpg\" data-thumbTooltip=\"\" data-scaleUp=\"\" data-href=\"\" data-width=\"\" data-height=\"\" data-flashHasPriority=\"\" data-poster=\"\" data-autoplay=\"\" data-audiotitle=\"\" data-html=\"\" href=\"https:\/\/www.dewex.sk\/wp-content\/uploads\/portfolio08.jpg\" ><\/a>\r\n\t\t\t<div class=\"lighbox-description hidden\" id=\"lightbox-187873-description\">\r\n\t\t\t\t<strong>Opracovan\u00e9 diely 4<\/strong><br>\r\n\t\t\t\t\r\n\t\t\t<\/div><\/li><li><a class=\"link\" href=\"https:\/\/www.dewex.sk\/en\/project-details\/opracovane-diely-4\/\" title=\"Opracovan\u00e9 diely 4\" target=\"_self\"><\/a><\/li><\/ul><\/div>\n\t\t\t\t<\/figure>\n\n\t\t\t\t<section class=\"text\">\n\t\t\t\t\t<h5><a href=\"https:\/\/www.dewex.sk\/en\/project-details\/opracovane-diely-4\/\" target=\"_self\" rel=\"bookmark\">Opracovan\u00e9 diely 4<\/a><\/h5>\n\t\t\t\t\t\n\t\t\t\t<\/section> \n\n\t\t\t\n<\/div> \n<!-- \/ portfolio box-->\n<\/div>\n<div class=\"col col-sm-4  isotope-item  steel-structures-for-buildings\">\n \n\n<!-- portfolio box-->\n<div class=\"loop style-1 image post-265 portfolio type-portfolio status-publish has-post-thumbnail hentry portfolio_categories-steel-structures-for-buildings\" id=\"portfolio-265\">\n\n\t\n\n\t\t\t\t<figure class=\"featured_image\">\n\t\t\t\t\t<img decoding=\"async\" src=\"https:\/\/www.dewex.sk\/wp-content\/uploads\/portfolio05-640x480.jpg\" alt=\"\" class=\" colorbox-271\" \/>\n\t\t\t\t\t<div class=\"overlay\"><ul class=\"action_buttons\"><li><a id=\"lightbox-821733\" class=\"zoom lightbox_\" data-group=\"image_165\" title=\"Enlarge Image\" data-title=\"Schodisko\" data-sub-html=\"#lightbox-821733-description\" data-thumbnail=\"https:\/\/www.dewex.sk\/wp-content\/uploads\/portfolio05-75x50.jpg\" data-thumbTooltip=\"\" data-scaleUp=\"\" data-href=\"\" data-width=\"\" data-height=\"\" data-flashHasPriority=\"\" data-poster=\"\" data-autoplay=\"\" data-audiotitle=\"\" data-html=\"\" href=\"https:\/\/www.dewex.sk\/wp-content\/uploads\/portfolio05.jpg\" ><\/a>\r\n\t\t\t<div class=\"lighbox-description hidden\" id=\"lightbox-821733-description\">\r\n\t\t\t\t<strong>Schodisko<\/strong><br>\r\n\t\t\t\t\r\n\t\t\t<\/div><\/li><li><a class=\"link\" href=\"https:\/\/www.dewex.sk\/en\/project-details\/schodisko\/\" title=\"Schodisko\" target=\"_self\"><\/a><\/li><\/ul><\/div>\n\t\t\t\t<\/figure>\n\n\t\t\t\t<section class=\"text\">\n\t\t\t\t\t<h5><a href=\"https:\/\/www.dewex.sk\/en\/project-details\/schodisko\/\" target=\"_self\" rel=\"bookmark\">Schodisko<\/a><\/h5>\n\t\t\t\t\t\n\t\t\t\t<\/section> \n\n\t\t\t\n<\/div> \n<!-- \/ portfolio box-->\n<\/div>\n<div class=\"col col-sm-4  isotope-item  job-order-manufacture\">\n \n\n<!-- portfolio box-->\n<div class=\"loop style-1 image post-259 portfolio type-portfolio status-publish has-post-thumbnail hentry portfolio_categories-job-order-manufacture\" id=\"portfolio-259\">\n\n\t\n\n\t\t\t\t<figure class=\"featured_image\">\n\t\t\t\t\t<img decoding=\"async\" src=\"https:\/\/www.dewex.sk\/wp-content\/uploads\/portfolio16-640x480.jpg\" alt=\"\" class=\" colorbox-271\" \/>\n\t\t\t\t\t<div class=\"overlay\"><ul class=\"action_buttons\"><li><a id=\"lightbox-492893\" class=\"zoom lightbox_\" data-group=\"image_171\" title=\"Enlarge Image\" data-title=\"Z\u00e1kazkov\u00e1 v\u00fdroba 2\" data-sub-html=\"#lightbox-492893-description\" data-thumbnail=\"https:\/\/www.dewex.sk\/wp-content\/uploads\/portfolio16-75x50.jpg\" data-thumbTooltip=\"\" data-scaleUp=\"\" data-href=\"\" data-width=\"\" data-height=\"\" data-flashHasPriority=\"\" data-poster=\"\" data-autoplay=\"\" data-audiotitle=\"\" data-html=\"\" href=\"https:\/\/www.dewex.sk\/wp-content\/uploads\/portfolio16.jpg\" ><\/a>\r\n\t\t\t<div class=\"lighbox-description hidden\" id=\"lightbox-492893-description\">\r\n\t\t\t\t<strong>Z\u00e1kazkov\u00e1 v\u00fdroba 2<\/strong><br>\r\n\t\t\t\t\r\n\t\t\t<\/div><\/li><li><a class=\"link\" href=\"https:\/\/www.dewex.sk\/en\/project-details\/zakazkova-vyroba-2\/\" title=\"Z\u00e1kazkov\u00e1 v\u00fdroba 2\" target=\"_self\"><\/a><\/li><\/ul><\/div>\n\t\t\t\t<\/figure>\n\n\t\t\t\t<section class=\"text\">\n\t\t\t\t\t<h5><a href=\"https:\/\/www.dewex.sk\/en\/project-details\/zakazkova-vyroba-2\/\" target=\"_self\" rel=\"bookmark\">Z\u00e1kazkov\u00e1 v\u00fdroba 2<\/a><\/h5>\n\t\t\t\t\t\n\t\t\t\t<\/section> \n\n\t\t\t\n<\/div> \n<!-- \/ portfolio box-->\n<\/div>\n<div class=\"col col-sm-4  isotope-item  machined-parts\">\n \n\n<!-- portfolio box-->\n<div class=\"loop style-1 image post-246 portfolio type-portfolio status-publish has-post-thumbnail hentry portfolio_categories-machined-parts\" id=\"portfolio-246\">\n\n\t\n\n\t\t\t\t<figure class=\"featured_image\">\n\t\t\t\t\t<img decoding=\"async\" src=\"https:\/\/www.dewex.sk\/wp-content\/uploads\/portfolio07-640x480.jpg\" alt=\"\" class=\" colorbox-271\" \/>\n\t\t\t\t\t<div class=\"overlay\"><ul class=\"action_buttons\"><li><a id=\"lightbox-210494\" class=\"zoom lightbox_\" data-group=\"image_183\" title=\"Enlarge Image\" data-title=\"Opracovan\u00e9 diely 2\" data-sub-html=\"#lightbox-210494-description\" data-thumbnail=\"https:\/\/www.dewex.sk\/wp-content\/uploads\/portfolio07-75x50.jpg\" data-thumbTooltip=\"\" data-scaleUp=\"\" data-href=\"\" data-width=\"\" data-height=\"\" data-flashHasPriority=\"\" data-poster=\"\" data-autoplay=\"\" data-audiotitle=\"\" data-html=\"\" href=\"https:\/\/www.dewex.sk\/wp-content\/uploads\/portfolio07.jpg\" ><\/a>\r\n\t\t\t<div class=\"lighbox-description hidden\" id=\"lightbox-210494-description\">\r\n\t\t\t\t<strong>Opracovan\u00e9 diely 2<\/strong><br>\r\n\t\t\t\t\r\n\t\t\t<\/div><\/li><li><a class=\"link\" href=\"https:\/\/www.dewex.sk\/en\/project-details\/opracovane-diely-2\/\" title=\"Opracovan\u00e9 diely 2\" target=\"_self\"><\/a><\/li><\/ul><\/div>\n\t\t\t\t<\/figure>\n\n\t\t\t\t<section class=\"text\">\n\t\t\t\t\t<h5><a href=\"https:\/\/www.dewex.sk\/en\/project-details\/opracovane-diely-2\/\" target=\"_self\" rel=\"bookmark\">Opracovan\u00e9 diely 2<\/a><\/h5>\n\t\t\t\t\t\n\t\t\t\t<\/section> \n\n\t\t\t\n<\/div> \n<!-- \/ portfolio box-->\n<\/div>\n<div class=\"col col-sm-4  isotope-item  frames-structures\">\n \n\n<!-- portfolio box-->\n<div class=\"loop style-1 image post-269 portfolio type-portfolio status-publish has-post-thumbnail hentry portfolio_categories-frames-structures\" id=\"portfolio-269\">\n\n\t\n\n\t\t\t\t<figure class=\"featured_image\">\n\t\t\t\t\t<img decoding=\"async\" src=\"https:\/\/www.dewex.sk\/wp-content\/uploads\/portfolio03-640x480.jpg\" alt=\"\" class=\" colorbox-271\" \/>\n\t\t\t\t\t<div class=\"overlay\"><ul class=\"action_buttons\"><li><a id=\"lightbox-658932\" class=\"zoom lightbox_\" data-group=\"image_161\" title=\"Enlarge Image\" data-title=\"R\u00e1m 3\" data-sub-html=\"#lightbox-658932-description\" data-thumbnail=\"https:\/\/www.dewex.sk\/wp-content\/uploads\/portfolio03-75x50.jpg\" data-thumbTooltip=\"\" data-scaleUp=\"\" data-href=\"\" data-width=\"\" data-height=\"\" data-flashHasPriority=\"\" data-poster=\"\" data-autoplay=\"\" data-audiotitle=\"\" data-html=\"\" href=\"https:\/\/www.dewex.sk\/wp-content\/uploads\/portfolio03.jpg\" ><\/a>\r\n\t\t\t<div class=\"lighbox-description hidden\" id=\"lightbox-658932-description\">\r\n\t\t\t\t<strong>R\u00e1m 3<\/strong><br>\r\n\t\t\t\t\r\n\t\t\t<\/div><\/li><li><a class=\"link\" href=\"https:\/\/www.dewex.sk\/en\/project-details\/ram-3\/\" title=\"R\u00e1m 3\" target=\"_self\"><\/a><\/li><\/ul><\/div>\n\t\t\t\t<\/figure>\n\n\t\t\t\t<section class=\"text\">\n\t\t\t\t\t<h5><a href=\"https:\/\/www.dewex.sk\/en\/project-details\/ram-3\/\" target=\"_self\" rel=\"bookmark\">R\u00e1m 3<\/a><\/h5>\n\t\t\t\t\t\n\t\t\t\t<\/section> \n\n\t\t\t\n<\/div> \n<!-- \/ portfolio box-->\n<\/div>\n<div class=\"col col-sm-4  isotope-item  job-order-manufacture\">\n \n\n<!-- portfolio box-->\n<div class=\"loop style-1 image post-257 portfolio type-portfolio status-publish has-post-thumbnail hentry portfolio_categories-job-order-manufacture\" id=\"portfolio-257\">\n\n\t\n\n\t\t\t\t<figure class=\"featured_image\">\n\t\t\t\t\t<img decoding=\"async\" src=\"https:\/\/www.dewex.sk\/wp-content\/uploads\/portfolio11-640x480.jpg\" alt=\"\" class=\" colorbox-271\" \/>\n\t\t\t\t\t<div class=\"overlay\"><ul class=\"action_buttons\"><li><a id=\"lightbox-195904\" class=\"zoom lightbox_\" data-group=\"image_173\" title=\"Enlarge Image\" data-title=\"Z\u00e1kazkov\u00e1 v\u00fdroba 3\" data-sub-html=\"#lightbox-195904-description\" data-thumbnail=\"https:\/\/www.dewex.sk\/wp-content\/uploads\/portfolio11-75x50.jpg\" data-thumbTooltip=\"\" data-scaleUp=\"\" data-href=\"\" data-width=\"\" data-height=\"\" data-flashHasPriority=\"\" data-poster=\"\" data-autoplay=\"\" data-audiotitle=\"\" data-html=\"\" href=\"https:\/\/www.dewex.sk\/wp-content\/uploads\/portfolio11.jpg\" ><\/a>\r\n\t\t\t<div class=\"lighbox-description hidden\" id=\"lightbox-195904-description\">\r\n\t\t\t\t<strong>Z\u00e1kazkov\u00e1 v\u00fdroba 3<\/strong><br>\r\n\t\t\t\t\r\n\t\t\t<\/div><\/li><li><a class=\"link\" href=\"https:\/\/www.dewex.sk\/en\/project-details\/zakazkova-vyroba-3\/\" title=\"Z\u00e1kazkov\u00e1 v\u00fdroba 3\" target=\"_self\"><\/a><\/li><\/ul><\/div>\n\t\t\t\t<\/figure>\n\n\t\t\t\t<section class=\"text\">\n\t\t\t\t\t<h5><a href=\"https:\/\/www.dewex.sk\/en\/project-details\/zakazkova-vyroba-3\/\" target=\"_self\" rel=\"bookmark\">Z\u00e1kazkov\u00e1 v\u00fdroba 3<\/a><\/h5>\n\t\t\t\t\t\n\t\t\t\t<\/section> \n\n\t\t\t\n<\/div> \n<!-- \/ portfolio box-->\n<\/div>\n<div class=\"col col-sm-4  isotope-item  job-order-manufacture\">\n \n\n<!-- portfolio box-->\n<div class=\"loop style-1 image post-255 portfolio type-portfolio status-publish has-post-thumbnail hentry portfolio_categories-job-order-manufacture\" id=\"portfolio-255\">\n\n\t\n\n\t\t\t\t<figure class=\"featured_image\">\n\t\t\t\t\t<img decoding=\"async\" src=\"https:\/\/www.dewex.sk\/wp-content\/uploads\/portfolio10-640x480.jpg\" alt=\"\" class=\" colorbox-271\" \/>\n\t\t\t\t\t<div class=\"overlay\"><ul class=\"action_buttons\"><li><a id=\"lightbox-340442\" class=\"zoom lightbox_\" data-group=\"image_175\" title=\"Enlarge Image\" data-title=\"Z\u00e1kazkov\u00e1 v\u00fdroba 4\" data-sub-html=\"#lightbox-340442-description\" data-thumbnail=\"https:\/\/www.dewex.sk\/wp-content\/uploads\/portfolio10-75x50.jpg\" data-thumbTooltip=\"\" data-scaleUp=\"\" data-href=\"\" data-width=\"\" data-height=\"\" data-flashHasPriority=\"\" data-poster=\"\" data-autoplay=\"\" data-audiotitle=\"\" data-html=\"\" href=\"https:\/\/www.dewex.sk\/wp-content\/uploads\/portfolio10.jpg\" ><\/a>\r\n\t\t\t<div class=\"lighbox-description hidden\" id=\"lightbox-340442-description\">\r\n\t\t\t\t<strong>Z\u00e1kazkov\u00e1 v\u00fdroba 4<\/strong><br>\r\n\t\t\t\t\r\n\t\t\t<\/div><\/li><li><a class=\"link\" href=\"https:\/\/www.dewex.sk\/en\/project-details\/zakazkova-vyroba-4\/\" title=\"Z\u00e1kazkov\u00e1 v\u00fdroba 4\" target=\"_self\"><\/a><\/li><\/ul><\/div>\n\t\t\t\t<\/figure>\n\n\t\t\t\t<section class=\"text\">\n\t\t\t\t\t<h5><a href=\"https:\/\/www.dewex.sk\/en\/project-details\/zakazkova-vyroba-4\/\" target=\"_self\" rel=\"bookmark\">Z\u00e1kazkov\u00e1 v\u00fdroba 4<\/a><\/h5>\n\t\t\t\t\t\n\t\t\t\t<\/section> \n\n\t\t\t\n<\/div> \n<!-- \/ portfolio box-->\n<\/div>\n<div class=\"col col-sm-4  isotope-item  job-order-manufacture\">\n \n\n<!-- portfolio box-->\n<div class=\"loop style-1 image post-261 portfolio type-portfolio status-publish has-post-thumbnail hentry portfolio_categories-job-order-manufacture\" id=\"portfolio-261\">\n\n\t\n\n\t\t\t\t<figure class=\"featured_image\">\n\t\t\t\t\t<img decoding=\"async\" src=\"https:\/\/www.dewex.sk\/wp-content\/uploads\/portfolio06-640x480.jpg\" alt=\"\" class=\" colorbox-271\" \/>\n\t\t\t\t\t<div class=\"overlay\"><ul class=\"action_buttons\"><li><a id=\"lightbox-322769\" class=\"zoom lightbox_\" data-group=\"image_169\" title=\"Enlarge Image\" data-title=\"Z\u00e1kazkov\u00e1 v\u00fdroba 1\" data-sub-html=\"#lightbox-322769-description\" data-thumbnail=\"https:\/\/www.dewex.sk\/wp-content\/uploads\/portfolio06-75x50.jpg\" data-thumbTooltip=\"\" data-scaleUp=\"\" data-href=\"\" data-width=\"\" data-height=\"\" data-flashHasPriority=\"\" data-poster=\"\" data-autoplay=\"\" data-audiotitle=\"\" data-html=\"\" href=\"https:\/\/www.dewex.sk\/wp-content\/uploads\/portfolio06.jpg\" ><\/a>\r\n\t\t\t<div class=\"lighbox-description hidden\" id=\"lightbox-322769-description\">\r\n\t\t\t\t<strong>Z\u00e1kazkov\u00e1 v\u00fdroba 1<\/strong><br>\r\n\t\t\t\t\r\n\t\t\t<\/div><\/li><li><a class=\"link\" href=\"https:\/\/www.dewex.sk\/en\/project-details\/zakazkova-vyroba-1\/\" title=\"Z\u00e1kazkov\u00e1 v\u00fdroba 1\" target=\"_self\"><\/a><\/li><\/ul><\/div>\n\t\t\t\t<\/figure>\n\n\t\t\t\t<section class=\"text\">\n\t\t\t\t\t<h5><a href=\"https:\/\/www.dewex.sk\/en\/project-details\/zakazkova-vyroba-1\/\" target=\"_self\" rel=\"bookmark\">Z\u00e1kazkov\u00e1 v\u00fdroba 1<\/a><\/h5>\n\t\t\t\t\t\n\t\t\t\t<\/section> \n\n\t\t\t\n<\/div> \n<!-- \/ portfolio box-->\n<\/div>\n<div class=\"col col-sm-4  isotope-item  frames-structures\">\n \n\n<!-- portfolio box-->\n<div class=\"loop style-1 image post-235 portfolio type-portfolio status-publish has-post-thumbnail hentry portfolio_categories-frames-structures\" id=\"portfolio-235\">\n\n\t\n\n\t\t\t\t<figure class=\"featured_image\">\n\t\t\t\t\t<img decoding=\"async\" src=\"https:\/\/www.dewex.sk\/wp-content\/uploads\/portfolio15-640x480.jpg\" alt=\"\" class=\" colorbox-271\" \/>\n\t\t\t\t\t<div class=\"overlay\"><ul class=\"action_buttons\"><li><a id=\"lightbox-239519\" class=\"zoom lightbox_\" data-group=\"image_193\" title=\"Enlarge Image\" data-title=\"R\u00e1mov\u00e9 kon\u0161trukcie\" data-sub-html=\"#lightbox-239519-description\" data-thumbnail=\"https:\/\/www.dewex.sk\/wp-content\/uploads\/portfolio15-75x50.jpg\" data-thumbTooltip=\"\" data-scaleUp=\"\" data-href=\"\" data-width=\"\" data-height=\"\" data-flashHasPriority=\"\" data-poster=\"\" data-autoplay=\"\" data-audiotitle=\"\" data-html=\"\" href=\"https:\/\/www.dewex.sk\/wp-content\/uploads\/portfolio15.jpg\" ><\/a>\r\n\t\t\t<div class=\"lighbox-description hidden\" id=\"lightbox-239519-description\">\r\n\t\t\t\t<strong>R\u00e1mov\u00e9 kon\u0161trukcie<\/strong><br>\r\n\t\t\t\t\r\n\t\t\t<\/div><\/li><li><a class=\"link\" href=\"https:\/\/www.dewex.sk\/en\/project-details\/ramove-konstrukcie\/\" title=\"R\u00e1mov\u00e9 kon\u0161trukcie\" target=\"_self\"><\/a><\/li><\/ul><\/div>\n\t\t\t\t<\/figure>\n\n\t\t\t\t<section class=\"text\">\n\t\t\t\t\t<h5><a href=\"https:\/\/www.dewex.sk\/en\/project-details\/ramove-konstrukcie\/\" target=\"_self\" rel=\"bookmark\">R\u00e1mov\u00e9 kon\u0161trukcie<\/a><\/h5>\n\t\t\t\t\t\n\t\t\t\t<\/section> \n\n\t\t\t\n<\/div> \n<!-- \/ portfolio box-->\n<\/div>\n<div class=\"col col-sm-4  isotope-item  frames-structures\">\n \n\n<!-- portfolio box-->\n<div class=\"loop style-1 image post-271 portfolio type-portfolio status-publish has-post-thumbnail hentry portfolio_categories-frames-structures\" id=\"portfolio-271\">\n\n\t\n\n\t\t\t\t<figure class=\"featured_image\">\n\t\t\t\t\t<img decoding=\"async\" src=\"https:\/\/www.dewex.sk\/wp-content\/uploads\/portfolio02-640x480.jpg\" alt=\"\" class=\" colorbox-271\" \/>\n\t\t\t\t\t<div class=\"overlay\"><ul class=\"action_buttons\"><li><a id=\"lightbox-325722\" class=\"zoom lightbox_\" data-group=\"image_159\" title=\"Enlarge Image\" data-title=\"R\u00e1m 2\" data-sub-html=\"#lightbox-325722-description\" data-thumbnail=\"https:\/\/www.dewex.sk\/wp-content\/uploads\/portfolio02-75x50.jpg\" data-thumbTooltip=\"\" data-scaleUp=\"\" data-href=\"\" data-width=\"\" data-height=\"\" data-flashHasPriority=\"\" data-poster=\"\" data-autoplay=\"\" data-audiotitle=\"\" data-html=\"\" href=\"https:\/\/www.dewex.sk\/wp-content\/uploads\/portfolio02.jpg\" ><\/a>\r\n\t\t\t<div class=\"lighbox-description hidden\" id=\"lightbox-325722-description\">\r\n\t\t\t\t<strong>R\u00e1m 2<\/strong><br>\r\n\t\t\t\t\r\n\t\t\t<\/div><\/li><li><a class=\"link\" href=\"https:\/\/www.dewex.sk\/en\/project-details\/ram-2\/\" title=\"R\u00e1m 2\" target=\"_self\"><\/a><\/li><\/ul><\/div>\n\t\t\t\t<\/figure>\n\n\t\t\t\t<section class=\"text\">\n\t\t\t\t\t<h5><a href=\"https:\/\/www.dewex.sk\/en\/project-details\/ram-2\/\" target=\"_self\" rel=\"bookmark\">R\u00e1m 2<\/a><\/h5>\n\t\t\t\t\t\n\t\t\t\t<\/section> \n\n\t\t\t\n<\/div> \n<!-- \/ portfolio box-->\n<\/div>\n<\/div>\n<button href=\"#\" class=\"load_more button_ medium default aligncenter\" autocomplete=\"off\" data-atts=\"YToyMjp7czoyOiJpZCI7czoyNjoicG9ydGZvbGlvLWR5bmFtaWNJRC0xMzcxMzciO3M6MTE6Imxpc3RfbGF5b3V0IjtzOjM6IjEvMyI7czoxMjoibGF5b3V0X3N0eWxlIjtzOjc6Im1hc29ucnkiO3M6MTA6Iml0ZW1fc3R5bGUiO3M6Nzoic3R5bGUtMSI7czoxMDoiZmlsdGVyYWJsZSI7czo0OiJ0cnVlIjtzOjEwOiJwYWdpbmF0aW9uIjtzOjQ6InRydWUiO3M6MTU6ImFqYXhfcGFnaW5hdGlvbiI7czo0OiJ0cnVlIjtzOjIxOiJmZWF0dXJlZF9pbWFnZV9yZXNpemUiO3M6NDoidHJ1ZSI7czoyNDoiZmVhdHVyZWRfaW1hZ2VfbWF4X3dpZHRoIjtzOjE6IjAiO3M6MjU6ImZlYXR1cmVkX2ltYWdlX21heF9oZWlnaHQiO3M6MToiMCI7czoxOToiZmVhdHVyZWRfaW1hZ2VfY3JvcCI7czo1OiJmYWxzZSI7czoxMjoibGlzdF9vcmRlcmJ5IjtzOjQ6InJhbmQiO3M6MTA6Imxpc3Rfb3JkZXIiO3M6NDoiREVTQyI7czoxMzoiaXRlbV9wZXJfcGFnZSI7aToxMDtzOjEwOiJjYXRlZ29yaWVzIjtzOjA6IiI7czo0OiJhamF4IjtzOjU6ImZhbHNlIjtzOjM6ImlkcyI7czowOiIiO3M6NToicGFnZWQiO2k6MDtzOjk6IndwbWxfbGFuZyI7czowOiIiO3M6MTU6InJlbW92ZV9wYWRkaW5ncyI7czo1OiJmYWxzZSI7czoxNDoicmVtb3ZlX2J1dHRvbnMiO3M6NToiZmFsc2UiO3M6NzoicHVycG9zZSI7czo5OiJwb3J0Zm9saW8iO30=\" data-page_count=\"2\" data-current_page=\"1\" data-listid=\"portfolio-dynamicID-137137\"><span class=\"icon-angle-double-down\"><\/span>LOAD MORE<\/button>[\/vc_column][\/vc_row]\n","protected":false},"excerpt":{"rendered":"<p>[vc_row][vc_column width=&#8221;1\/2&#8243;][\/vc_column][vc_column width=&#8221;1\/2&#8243;][\/vc_column][\/vc_row][vc_row rt_row_background_width=&#8221;default&#8221; rt_row_content_width=&#8221;default&#8221; rt_row_style=&#8221;default-style&#8221; rt_row_borders=&#8221;&#8221; rt_overlap=&#8221;&#8221; rt_grid=&#8221;&#8221; rt_row_paddings=&#8221;true&#8221; rt_padding_top=&#8221;0&#8243; rt_bg_effect=&#8221;classic&#8221; rt_bg_parallax_effect=&#8221;1&#8243; rt_bg_image_repeat=&#8221;repeat&#8221; rt_bg_size=&#8221;cover&#8221; rt_bg_position=&#8221;right top&#8221; rt_bg_attachment=&#8221;scroll&#8221;][vc_column width=&#8221;1\/1&#8243;][\/vc_column][\/vc_row][vc_row][vc_column][vc_column_text]In the production process we machine the following materials: Materials for frame structures: S 235, S355, S 460, Hardox 400. Materials for machined parts: S 235, S355, C45, 11SMn30, 16MnCr5, E335GC [\/vc_column_text][\/vc_column][\/vc_row][vc_row][vc_column width=&#8221;1\/1&#8243;][\/vc_column][\/vc_row]<\/p>\n","protected":false},"author":2,"featured_media":0,"parent":0,"menu_order":5,"comment_status":"closed","ping_status":"closed","template":"","meta":{"footnotes":""},"_links":{"self":[{"href":"https:\/\/www.dewex.sk\/en\/wp-json\/wp\/v2\/pages\/208"}],"collection":[{"href":"https:\/\/www.dewex.sk\/en\/wp-json\/wp\/v2\/pages"}],"about":[{"href":"https:\/\/www.dewex.sk\/en\/wp-json\/wp\/v2\/types\/page"}],"author":[{"embeddable":true,"href":"https:\/\/www.dewex.sk\/en\/wp-json\/wp\/v2\/users\/2"}],"replies":[{"embeddable":true,"href":"https:\/\/www.dewex.sk\/en\/wp-json\/wp\/v2\/comments?post=208"}],"version-history":[{"count":1,"href":"https:\/\/www.dewex.sk\/en\/wp-json\/wp\/v2\/pages\/208\/revisions"}],"predecessor-version":[{"id":209,"href":"https:\/\/www.dewex.sk\/en\/wp-json\/wp\/v2\/pages\/208\/revisions\/209"}],"wp:attachment":[{"href":"https:\/\/www.dewex.sk\/en\/wp-json\/wp\/v2\/media?parent=208"}],"curies":[{"name":"wp","href":"https:\/\/api.w.org\/{rel}","templated":true}]}}