{"id":217,"date":"2015-04-09T17:18:09","date_gmt":"2015-04-09T16:18:09","guid":{"rendered":"http:\/\/localhost\/?page_id=217"},"modified":"2015-09-18T09:21:10","modified_gmt":"2015-09-18T08:21:10","slug":"contact","status":"publish","type":"page","link":"https:\/\/www.dewex.sk\/en\/contact\/","title":{"rendered":"Contact"},"content":{"rendered":"[vc_row rt_row_background_width=&#8221;default&#8221; rt_row_style=&#8221;default-style&#8221; rt_row_borders=&#8221;&#8221; rt_row_paddings=&#8221;true&#8221; rt_bg_effect=&#8221;classic&#8221; rt_bg_image_repeat=&#8221;repeat&#8221; rt_bg_size=&#8221;cover&#8221; rt_bg_position=&#8221;right top&#8221; rt_bg_attachment=&#8221;scroll&#8221; rt_bg_video_format=&#8221;self-hosted&#8221; rt_padding_top=&#8221;0&#8243;][vc_column rt_bg_image_repeat=&#8221;repeat&#8221; rt_bg_size=&#8221;auto auto&#8221; rt_bg_attachment=&#8221;scroll&#8221;]<div class=\"rt_heading_wrapper style-1\">\n\t\t\t\t\t\t<h4 class=\"rt_heading  style-1\" >DEWEX, s.r.o.<\/h4>\n\t\t\t\t\t<\/div>\t \n\t\t<div  class=\"with_icons style-1 \">\n\t\t\t \n\t\t<div  >\n\t\t<span class=\"icon-building icon\"><\/span><div class=\"list-content\"><p>V\u00edg\u013ea\u0161-Pstru\u0161a 802, 962 12 Detva,\u00a0Slovakia<\/p>\n<\/div>\n\t\t<\/div>\n\t\t \n\t\t<div  >\n\t\t<span class=\"icon-address icon\"><\/span><div class=\"list-content\"><p>GPS:\u00a048.547159, 19.315538<\/p>\n<\/div>\n\t\t<\/div>\n\t\t \n\t\t<div  >\n\t\t<span class=\"icon-mail-1 icon\"><\/span><div class=\"list-content\"><p>E-mail: <a href=\"mailto:dewex@dewex.sk\">dewex@dewex.sk<\/a><\/p>\n<\/div>\n\t\t<\/div>\n\t\t \n\t\t<div  >\n\t\t<span class=\"icon-info icon\"><\/span><div class=\"list-content\"><p>Stad ID: 47488701<\/p>\n<\/div>\n\t\t<\/div>\n\t\t \n\t\t<div  >\n\t\t<span class=\"icon-info icon\"><\/span><div class=\"list-content\"><p>VAT Reg. No: SK2023996018<\/p>\n<\/div>\n\t\t<\/div>\n\t\n\t\t<\/div>\n\t[vc_empty_space height=&#8221;30px&#8221;][vc_raw_html]JTNDZGl2JTIwY2xhc3MlM0QlMjJ0YWJsZS1yZXNwb25zaXZlJTIyJTNFJTNDdGFibGUlMjBzdHlsZSUzRCUyMndpZHRoJTNBMTAwJTI1JTNCJTIwJTIyJTIwY2xhc3MlM0QlMjJlYXN5LXRhYmxlJTIwZWFzeS10YWJsZS1kZWZhdWx0JTIwJTIyJTNFJTBBJTNDdGhlYWQlM0UlMEElM0N0ciUzRSUzQ3RoJTNFUG9zaXRpb24lM0MlMkZ0aCUzRSUwQSUzQ3RoJTNFJTIwTmFtZSUzQyUyRnRoJTNFJTBBJTNDdGglM0UlMjBQaG9uZSUzQyUyRnRoJTNFJTBBJTNDdGglM0UlMjBFLW1haWwlM0MlMkZ0aCUzRSUwQSUzQyUyRnRyJTNFJTBBJTNDJTJGdGhlYWQlM0UlMEElM0N0Ym9keSUzRSUwQSUzQ3RyJTNFJTNDdGQlM0VNYW5hZ2luZyUyMERpcmVjdG9yJTNDJTJGdGQlM0UlMEElM0N0ZCUzRSUyNm5ic3AlM0JJbmcuJTIwU3RhbmlzbGF2JTIwJUM1JUEwaWNodGElM0MlMkZ0ZCUzRSUwQSUzQ3RkJTNFJTIwJTJCNDIxJTIwOTA1JTIwODE4JTI2bmJzcCUzQjc1NyUzQyUyRnRkJTNFJTBBJTNDdGQlM0UlMjZuYnNwJTNCJTNDYSUyMGhyZWYlM0QlMjJtYWlsdG8lM0FzaWNodGElNDBkZXdleC5zayUyMiUzRXNpY2h0YSU0MGRld2V4LnNrJTNDJTJGYSUzRSUzQyUyRnRkJTNFJTBBJTNDJTJGdHIlM0UlMEElMEElM0N0ciUzRSUzQ3RkJTNFU2FsZXMlMjBNYW5hZ2VyJTNDJTJGdGQlM0UlMEElM0N0ZCUzRSUyNm5ic3AlM0JJbmcuJTIwSmFuYSUyMENhYmFub3YlQzMlQTElM0MlMkZ0ZCUzRSUwQSUzQ3RkJTNFJTIwJTJCNDIxJTI2bmJzcCUzQjk0OSUyMDU0NiUyNm5ic3AlM0IyODElM0MlMkZ0ZCUzRSUwQSUzQ3RkJTNFJTI2bmJzcCUzQiUzQ2ElMjBocmVmJTNEJTIybWFpbHRvJTNBY2FiYW5vdmElNDBkZXdleC5zayUyMiUzRWNhYmFub3ZhJTQwZGV3ZXguc2slM0MlMkZhJTNFJTNDJTJGdGQlM0UlMEElM0MlMkZ0ciUzRSUwQSUwQSUzQ3RyJTNFJTNDdGQlM0VUZWNobmljYWwlMjBzdXBwb3J0JTNDJTJGdGQlM0UlMEElM0N0ZCUzRSUyNm5ic3AlM0JCYy4lMjBNYXJlayUyMEthJUM0JUJFYW0lQzMlQTFyJTNDJTJGdGQlM0UlMEElM0N0ZCUzRSUyMCUyQjQyMSUyNm5ic3AlM0I5MDMlMjA3ODQlMjA1MzUlM0MlMkZ0ZCUzRSUwQSUzQ3RkJTNFJTI2bmJzcCUzQiUzQ2ElMjBocmVmJTNEJTIybWFpbHRvJTNBa2FsYW1hciU0MGRld2V4LnNrJTIyJTNFa2FsYW1hciU0MGRld2V4LnNrJTNDJTJGYSUzRSUzQyUyRnRkJTNFJTBBJTNDJTJGdHIlM0UlMEElM0MlMkZ0Ym9keSUzRSUzQyUyRnRhYmxlJTNFJTNDJTJGZGl2JTNF[\/vc_raw_html][\/vc_column][\/vc_row][vc_row rt_row_background_width=&#8221;default&#8221; rt_row_style=&#8221;default-style&#8221; rt_row_borders=&#8221;&#8221; rt_row_paddings=&#8221;true&#8221; rt_bg_effect=&#8221;classic&#8221; rt_bg_image_repeat=&#8221;repeat&#8221; rt_bg_size=&#8221;cover&#8221; rt_bg_position=&#8221;right top&#8221; rt_bg_attachment=&#8221;scroll&#8221; rt_bg_video_format=&#8221;self-hosted&#8221; rt_row_no_padding=&#8221;false&#8221;][vc_column rt_bg_image_repeat=&#8221;repeat&#8221; rt_bg_size=&#8221;auto auto&#8221; rt_bg_attachment=&#8221;scroll&#8221;]<div class=\"rt_heading_wrapper style-6\">\n\t\t\t\t\t\t<h4 class=\"rt_heading  style-6\" >Where to find us<\/h4>\n\t\t\t\t\t<\/div><div class=\"google_map_holder\" data-height=\"400\" data-scope=\"#map-230473\" data-bw=\"\">\n\n\t\t\t<div id=\"map-230473\" class=\"google_map\"><\/div>\n\t\t\t<script type=\"text\/javascript\">\n\t\t\t \/* <![CDATA[ *\/ \n\t\t\t\t\/\/ Runs google maps\t\n\t\t\t\t\tjQuery(function() {\n\t\t\t\t\t\tjQuery(\"#map-230473\").rt_maps([[\"DEWEX, s.r.o.\", 48.547159, 19.315538, 4,\"V\u00edg\u013ea\u0161-Pstru\u0161a 802, 962 12 Detva, Slovakia\"],],10); \n\t\t\t\t\t});\n\t\t\t\/* ]]> *\/\t\n\t\t\t<\/script>\n\n\t\t<\/div>[\/vc_column][\/vc_row][vc_row rt_row_background_width=&#8221;default&#8221; rt_row_style=&#8221;default-style&#8221; rt_row_borders=&#8221;&#8221; rt_row_paddings=&#8221;true&#8221; rt_bg_effect=&#8221;classic&#8221; rt_bg_image_repeat=&#8221;repeat&#8221; rt_bg_size=&#8221;cover&#8221; rt_bg_position=&#8221;right top&#8221; rt_bg_attachment=&#8221;scroll&#8221; rt_bg_video_format=&#8221;self-hosted&#8221;][vc_column rt_bg_image_repeat=&#8221;repeat&#8221; rt_bg_size=&#8221;auto auto&#8221; rt_bg_attachment=&#8221;scroll&#8221;]<div class=\"rt_heading_wrapper style-6\">\n\t\t\t\t\t\t<h4 class=\"rt_heading  style-6\" >Contact form<\/h4>\n\t\t\t\t\t<\/div>\n\t\t<!-- contact form -->\n\t\t<div  class=\"contact_form  dynamic-class-816027\">\n\t\t<div class=\"clear\"><\/div><div class=\"result\"><\/div>\n\t\t\t<form action=\"#\" name=\"contact_form\" class=\"validate_form rt_form\" method=\"post\">\n\t\t\t\t<ul>\n\t\t\t\t\t<li class=\"form-input\"><label for=\"name\">Your Name: (*)<\/label><input placeholder=\"Your Name: (*)\" id=\"name\" type=\"text\" name=\"name\" value=\"\" class=\"required\" \/> <\/li>\n\t\t\t\t\t<li class=\"form-input\"><label for=\"email\">Your Email: (*)<\/label><input placeholder=\"Your Email: (*)\" id=\"email\" type=\"email\" name=\"email\" value=\"\" class=\"required email\" \/> <\/li>\n\t\t\t\t\t<li class=\"form-input\"><label for=\"message\">Your Message: (*)<\/label><textarea placeholder=\"Your Message: (*)\" id=\"message\" name=\"message\" rows=\"8\" cols=\"40\" class=\"required\"><\/textarea><\/li>\n\t\t\t\t\t\n\t\t\t\t\t<li class=\"security-question\"><label class=\"math_label\" for=\"math\">Security Question:<\/label>3 + 83 = <input id=\"math\" placeholder=\"?\" type=\"text\" name=\"math\" value=\"\" class=\"required\" \/><\/li>\n\t\t\t\t\t<li class=\"submit-button\">\n\t\t\t\t\t<input type=\"hidden\" name=\"your_email\" value=\"ZGV3ZXhAZGV3ZXguc2s=\"><input type=\"hidden\" name=\"dynamic_class\" value=\"dynamic-class-816027\"><input type=\"hidden\" name=\"rt_form_data\" value=\"ODY=\"><input type=\"button\" class=\"button submit\" value=\"Send\"  \/><span class=\"loading\"><\/span>\n\t\t\t\t\t<\/li>\n\t\t\t\t<\/ul>\n\t\t\t<\/form>\n\t\t<\/div><div class=\"clear\"><\/div>\n\t\t<!-- \/contact form -->[\/vc_column][\/vc_row]\n","protected":false},"excerpt":{"rendered":"<p>[vc_row rt_row_background_width=&#8221;default&#8221; rt_row_style=&#8221;default-style&#8221; rt_row_borders=&#8221;&#8221; rt_row_paddings=&#8221;true&#8221; rt_bg_effect=&#8221;classic&#8221; rt_bg_image_repeat=&#8221;repeat&#8221; rt_bg_size=&#8221;cover&#8221; rt_bg_position=&#8221;right top&#8221; rt_bg_attachment=&#8221;scroll&#8221; rt_bg_video_format=&#8221;self-hosted&#8221; rt_padding_top=&#8221;0&#8243;][vc_column rt_bg_image_repeat=&#8221;repeat&#8221; rt_bg_size=&#8221;auto auto&#8221; rt_bg_attachment=&#8221;scroll&#8221;][vc_empty_space height=&#8221;30px&#8221;][vc_raw_html]JTNDZGl2JTIwY2xhc3MlM0QlMjJ0YWJsZS1yZXNwb25zaXZlJTIyJTNFJTNDdGFibGUlMjBzdHlsZSUzRCUyMndpZHRoJTNBMTAwJTI1JTNCJTIwJTIyJTIwY2xhc3MlM0QlMjJlYXN5LXRhYmxlJTIwZWFzeS10YWJsZS1kZWZhdWx0JTIwJTIyJTNFJTBBJTNDdGhlYWQlM0UlMEElM0N0ciUzRSUzQ3RoJTNFUG9zaXRpb24lM0MlMkZ0aCUzRSUwQSUzQ3RoJTNFJTIwTmFtZSUzQyUyRnRoJTNFJTBBJTNDdGglM0UlMjBQaG9uZSUzQyUyRnRoJTNFJTBBJTNDdGglM0UlMjBFLW1haWwlM0MlMkZ0aCUzRSUwQSUzQyUyRnRyJTNFJTBBJTNDJTJGdGhlYWQlM0UlMEElM0N0Ym9keSUzRSUwQSUzQ3RyJTNFJTNDdGQlM0VNYW5hZ2luZyUyMERpcmVjdG9yJTNDJTJGdGQlM0UlMEElM0N0ZCUzRSUyNm5ic3AlM0JJbmcuJTIwU3RhbmlzbGF2JTIwJUM1JUEwaWNodGElM0MlMkZ0ZCUzRSUwQSUzQ3RkJTNFJTIwJTJCNDIxJTIwOTA1JTIwODE4JTI2bmJzcCUzQjc1NyUzQyUyRnRkJTNFJTBBJTNDdGQlM0UlMjZuYnNwJTNCJTNDYSUyMGhyZWYlM0QlMjJtYWlsdG8lM0FzaWNodGElNDBkZXdleC5zayUyMiUzRXNpY2h0YSU0MGRld2V4LnNrJTNDJTJGYSUzRSUzQyUyRnRkJTNFJTBBJTNDJTJGdHIlM0UlMEElMEElM0N0ciUzRSUzQ3RkJTNFU2FsZXMlMjBNYW5hZ2VyJTNDJTJGdGQlM0UlMEElM0N0ZCUzRSUyNm5ic3AlM0JJbmcuJTIwSmFuYSUyMENhYmFub3YlQzMlQTElM0MlMkZ0ZCUzRSUwQSUzQ3RkJTNFJTIwJTJCNDIxJTI2bmJzcCUzQjk0OSUyMDU0NiUyNm5ic3AlM0IyODElM0MlMkZ0ZCUzRSUwQSUzQ3RkJTNFJTI2bmJzcCUzQiUzQ2ElMjBocmVmJTNEJTIybWFpbHRvJTNBY2FiYW5vdmElNDBkZXdleC5zayUyMiUzRWNhYmFub3ZhJTQwZGV3ZXguc2slM0MlMkZhJTNFJTNDJTJGdGQlM0UlMEElM0MlMkZ0ciUzRSUwQSUwQSUzQ3RyJTNFJTNDdGQlM0VUZWNobmljYWwlMjBzdXBwb3J0JTNDJTJGdGQlM0UlMEElM0N0ZCUzRSUyNm5ic3AlM0JCYy4lMjBNYXJlayUyMEthJUM0JUJFYW0lQzMlQTFyJTNDJTJGdGQlM0UlMEElM0N0ZCUzRSUyMCUyQjQyMSUyNm5ic3AlM0I5MDMlMjA3ODQlMjA1MzUlM0MlMkZ0ZCUzRSUwQSUzQ3RkJTNFJTI2bmJzcCUzQiUzQ2ElMjBocmVmJTNEJTIybWFpbHRvJTNBa2FsYW1hciU0MGRld2V4LnNrJTIyJTNFa2FsYW1hciU0MGRld2V4LnNrJTNDJTJGYSUzRSUzQyUyRnRkJTNFJTBBJTNDJTJGdHIlM0UlMEElM0MlMkZ0Ym9keSUzRSUzQyUyRnRhYmxlJTNFJTNDJTJGZGl2JTNF[\/vc_raw_html][\/vc_column][\/vc_row][vc_row rt_row_background_width=&#8221;default&#8221; rt_row_style=&#8221;default-style&#8221; rt_row_borders=&#8221;&#8221; rt_row_paddings=&#8221;true&#8221; rt_bg_effect=&#8221;classic&#8221; rt_bg_image_repeat=&#8221;repeat&#8221; rt_bg_size=&#8221;cover&#8221; rt_bg_position=&#8221;right top&#8221; rt_bg_attachment=&#8221;scroll&#8221; rt_bg_video_format=&#8221;self-hosted&#8221; rt_row_no_padding=&#8221;false&#8221;][vc_column rt_bg_image_repeat=&#8221;repeat&#8221; rt_bg_size=&#8221;auto auto&#8221; rt_bg_attachment=&#8221;scroll&#8221;][\/vc_column][\/vc_row][vc_row rt_row_background_width=&#8221;default&#8221; rt_row_style=&#8221;default-style&#8221; rt_row_borders=&#8221;&#8221; rt_row_paddings=&#8221;true&#8221; rt_bg_effect=&#8221;classic&#8221; rt_bg_image_repeat=&#8221;repeat&#8221; rt_bg_size=&#8221;cover&#8221; rt_bg_position=&#8221;right top&#8221; rt_bg_attachment=&#8221;scroll&#8221; rt_bg_video_format=&#8221;self-hosted&#8221;][vc_column rt_bg_image_repeat=&#8221;repeat&#8221; rt_bg_size=&#8221;auto auto&#8221; rt_bg_attachment=&#8221;scroll&#8221;][\/vc_column][\/vc_row]<\/p>\n","protected":false},"author":2,"featured_media":0,"parent":0,"menu_order":14,"comment_status":"closed","ping_status":"closed","template":"","meta":{"footnotes":""},"_links":{"self":[{"href":"https:\/\/www.dewex.sk\/en\/wp-json\/wp\/v2\/pages\/217"}],"collection":[{"href":"https:\/\/www.dewex.sk\/en\/wp-json\/wp\/v2\/pages"}],"about":[{"href":"https:\/\/www.dewex.sk\/en\/wp-json\/wp\/v2\/types\/page"}],"author":[{"embeddable":true,"href":"https:\/\/www.dewex.sk\/en\/wp-json\/wp\/v2\/users\/2"}],"replies":[{"embeddable":true,"href":"https:\/\/www.dewex.sk\/en\/wp-json\/wp\/v2\/comments?post=217"}],"version-history":[{"count":1,"href":"https:\/\/www.dewex.sk\/en\/wp-json\/wp\/v2\/pages\/217\/revisions"}],"predecessor-version":[{"id":320,"href":"https:\/\/www.dewex.sk\/en\/wp-json\/wp\/v2\/pages\/217\/revisions\/320"}],"wp:attachment":[{"href":"https:\/\/www.dewex.sk\/en\/wp-json\/wp\/v2\/media?parent=217"}],"curies":[{"name":"wp","href":"https:\/\/api.w.org\/{rel}","templated":true}]}}